{"id":16408,"date":"2018-10-31T14:58:34","date_gmt":"2018-10-31T13:58:34","guid":{"rendered":"https:\/\/webandgo.sk\/cennik-online-marketing"},"modified":"2025-04-03T10:07:03","modified_gmt":"2025-04-03T08:07:03","slug":"cennik-online-marketing","status":"publish","type":"page","link":"https:\/\/webandgo.sk\/hu\/arlista-online-reklamkampany-ppc","title":{"rendered":"Online rekl\u00e1mkamp\u00e1ny"},"content":{"rendered":"<p>[vc_row rt_row_background_width=&#8221;fullwidth&#8221; rt_row_content_width=&#8221;default&#8221; rt_row_style=&#8221;default-style&#8221; rt_row_height=&#8221;&#8221; rt_column_gaps=&#8221;&#8221; rt_row_shadows=&#8221;&#8221; rt_row_borders=&#8221;&#8221; rt_bg_effect=&#8221;classic&#8221; rt_bg_image_repeat=&#8221;repeat&#8221; rt_bg_size=&#8221;cover&#8221; rt_bg_position=&#8221;right top&#8221; rt_bg_attachment=&#8221;scroll&#8221; rt_bg_layer=&#8221;&#8221; rt_bg_video_format=&#8221;self-hosted&#8221;][vc_column rt_bg_effect=&#8221;classic&#8221; rt_bg_image_repeat=&#8221;repeat&#8221; rt_bg_size=&#8221;auto auto&#8221; rt_bg_position=&#8221;right top&#8221; rt_bg_attachment=&#8221;scroll&#8221;][vc_column_text]<\/p>\n<table style=\"border-collapse: collapse; width: 100%;\" border=\"1\">\n<tbody>\n<tr>\n<th colspan=\"2\">\n<h2>Facebook Ads &#8211; bejegyz\u00e9sek:<\/h2>\n<\/th>\n<\/tr>\n<tr>\n<td>12x bejegyz\u00e9s\/ aj\u00e1nlott id\u0151tartam 1 \u2013 3 h\u00f3nap<br \/>\n<em>Minim\u00e1lisan javasolt hirdet\u00e9si \u00f6sszeg: 120 \u20ac<\/em><\/td>\n<td style=\"text-align: right;\">365 \u20ac<\/td>\n<\/tr>\n<tr>\n<td>8x bejegyz\u00e9s\/ aj\u00e1nlott id\u0151tartam 1 \u2013 2 h\u00f3nap<br \/>\n<em>Minim\u00e1lisan javasolt hirdet\u00e9si \u00f6sszeg: 80 \u20ac<\/em><\/td>\n<td style=\"text-align: right;\">250 \u20ac<\/td>\n<\/tr>\n<tr>\n<td>4x bejegyz\u00e9s\/ aj\u00e1nlott id\u0151tartam 1 h\u00f3nap<br \/>\n<em>Minim\u00e1lisan javasolt hirdet\u00e9si \u00f6sszeg: 40 \u20ac<\/em><\/td>\n<td style=\"text-align: right;\">135 \u20ac<\/td>\n<\/tr>\n<\/tbody>\n<\/table>\n<p>[\/vc_column_text][vc_column_text]<\/p>\n<table style=\"border-collapse: collapse; width: 100%;\" border=\"1\">\n<tbody>\n<tr>\n<th colspan=\"2\">\n<h2>Facebook Ads &#8211; kamp\u00e1nyok:<\/h2>\n<\/th>\n<\/tr>\n<tr>\n<td>3x rekl\u00e1m BM-ben (Business Manager) elk\u00e9sz\u00edtve<br \/>\n<em>Minim\u00e1lisan javasolt hirdet\u00e9si \u00f6sszeg: 100 \u20ac<\/em><\/td>\n<td style=\"text-align: right;\">120 \u20ac<\/td>\n<\/tr>\n<tr>\n<td>A kamp\u00e1ny havi kezel\u00e9se<\/td>\n<td style=\"text-align: right;\">50 \u20ac-t\u00f3l<\/td>\n<\/tr>\n<\/tbody>\n<\/table>\n<p>[\/vc_column_text][vc_column_text]<\/p>\n<p style=\"text-align: center;\"><em>Az \u00e1r tartalmazza: a sz\u00f6veg\u00edr\u00e1st, stock fot\u00f3t, a posztok k\u00f6zz\u00e9t\u00e9tel\u00e9t,<\/em><br \/>\n<em>a c\u00e9lcsoportok be\u00e1ll\u00edt\u00e1s\u00e1t \u00e9s a hirdet\u00e9si fi\u00f3k kezel\u00e9s\u00e9t.<\/em><\/p>\n<p>[\/vc_column_text][vc_column_text]<\/p>\n<table style=\"border-collapse: collapse; width: 100%;\" border=\"1\">\n<tbody>\n<tr>\n<th colspan=\"2\">\n<h2>Google Ads &#8211; kamp\u00e1nyok:<\/h2>\n<\/th>\n<\/tr>\n<tr>\n<td>3x rekl\u00e1m a Keres\u00e9si H\u00e1l\u00f3zaton<br \/>\n<em>Minim\u00e1lisan javasolt hirdet\u00e9si \u00f6sszeg: 100 \u20ac<\/em><\/td>\n<td style=\"text-align: right;\">120 \u20ac<\/td>\n<\/tr>\n<tr>\n<td>Hirdet\u00e9si fi\u00f3k havi kezel\u00e9se<\/td>\n<td style=\"text-align: right;\">50 \u20ac-t\u00f3l<\/td>\n<\/tr>\n<\/tbody>\n<\/table>\n<p>[\/vc_column_text][vc_column_text]<\/p>\n<p style=\"text-align: center;\"><em>Az \u00e1r tartalmazza: Google Ads fi\u00f3k megnyit\u00e1s\u00e1t, a kulcsszavak be\u00e1ll\u00edt\u00e1s\u00e1t,<\/em><br \/>\n<em>optimaliz\u00e1l\u00e1st, az \u00e1lland\u00f3 optimaliz\u00e1l\u00e1st \u00e9s a hirdet\u00e9si fi\u00f3k kezel\u00e9s\u00e9t.<\/em><\/p>\n<p>[\/vc_column_text][\/vc_column][\/vc_row][vc_row disable_element=&#8221;yes&#8221; rt_row_background_width=&#8221;fullwidth&#8221; rt_row_content_width=&#8221;default&#8221; rt_row_style=&#8221;default-style&#8221; rt_row_height=&#8221;&#8221; rt_column_gaps=&#8221;&#8221; rt_row_shadows=&#8221;&#8221; rt_row_borders=&#8221;&#8221; rt_bg_effect=&#8221;classic&#8221; rt_bg_image_repeat=&#8221;repeat&#8221; rt_bg_size=&#8221;cover&#8221; rt_bg_position=&#8221;right top&#8221; rt_bg_attachment=&#8221;scroll&#8221; rt_bg_layer=&#8221;&#8221; rt_bg_video_format=&#8221;self-hosted&#8221; rt_class=&#8221;rt-8718847&#8243; rt_paddings=&#8221;,,,&#8221; rt_margins=&#8221;,,,&#8221; rt_content_margins=&#8221;,,,&#8221; rt_tablet_paddings=&#8221;,,,&#8221; rt_tablet_margins=&#8221;,,,&#8221; rt_tablet_content_margins=&#8221;,,,&#8221; rt_sp_paddings=&#8221;,,,&#8221; rt_sp_margins=&#8221;,,,&#8221; rt_sp_content_margins=&#8221;,,,&#8221;][vc_column rt_bg_effect=&#8221;classic&#8221; rt_bg_image_repeat=&#8221;repeat&#8221; rt_bg_size=&#8221;auto auto&#8221; rt_bg_position=&#8221;right top&#8221; rt_bg_attachment=&#8221;scroll&#8221;]<div class=\"button_wrapper  hero\"><a href=\"https:\/\/webandgo.sk\/wp-content\/uploads\/2019\/06\/cennik-online-marketing.pdf\" target=\"_blank\" title=\"Cenn\u00edk online marketingu na stiahnutie \u2013 PDF\" class=\"button_  style-1 hero rt-2059665\"><span><span>Cenn\u00edk online marketingu na stiahnutie \u2013 PDF<\/span><\/span><\/a><\/div>[\/vc_column][\/vc_row][vc_row rt_row_background_width=&#8221;fullwidth&#8221; rt_row_content_width=&#8221;default&#8221; rt_row_style=&#8221;default-style&#8221; rt_row_height=&#8221;&#8221; rt_column_gaps=&#8221;&#8221; rt_row_shadows=&#8221;&#8221; rt_row_borders=&#8221;&#8221; rt_bg_effect=&#8221;classic&#8221; rt_bg_image_repeat=&#8221;repeat&#8221; rt_bg_size=&#8221;cover&#8221; rt_bg_position=&#8221;right top&#8221; rt_bg_attachment=&#8221;scroll&#8221; rt_bg_layer=&#8221;&#8221; rt_bg_video_format=&#8221;self-hosted&#8221;][vc_column rt_bg_effect=&#8221;classic&#8221; rt_bg_image_repeat=&#8221;repeat&#8221; rt_bg_size=&#8221;auto auto&#8221; rt_bg_position=&#8221;right top&#8221; rt_bg_attachment=&#8221;scroll&#8221;][vc_column_text]<\/p>\n<p style=\"text-align: center;\"><em>A felt\u00fcntetett \u00e1rak t\u00e1j\u00e9koztat\u00f3 jelleg\u0171ek.\u00a0<\/em><em>K\u00fcl\u00f6nleges k\u00e9r\u00e9sek eset\u00e9n egyedi \u00e1raj\u00e1nlatot dolgozunk ki.<br \/>\nAz \u00e1rak \u00e1fa n\u00e9lk\u00fcl vannak felt\u00fcntetve.<\/em><\/p>\n<p>[\/vc_column_text][\/vc_column][\/vc_row][vc_row rt_row_background_width=&#8221;fullwidth&#8221; rt_row_content_width=&#8221;default&#8221; rt_row_style=&#8221;default-style&#8221; rt_row_height=&#8221;&#8221; rt_column_gaps=&#8221;&#8221; rt_row_shadows=&#8221;&#8221; rt_row_borders=&#8221;&#8221; rt_bg_effect=&#8221;classic&#8221; rt_bg_image_repeat=&#8221;repeat&#8221; rt_bg_size=&#8221;cover&#8221; rt_bg_position=&#8221;right top&#8221; rt_bg_attachment=&#8221;scroll&#8221; rt_bg_layer=&#8221;&#8221; rt_bg_video_format=&#8221;self-hosted&#8221; rt_class=&#8221;rt-5482891&#8243; rt_vc_seperator_1=&#8221;&#8221; rt_paddings=&#8221;,,,&#8221; rt_margins=&#8221;,,,&#8221; rt_content_margins=&#8221;,,,&#8221; rt_vc_seperator_2=&#8221;&#8221; rt_tablet_paddings=&#8221;,,,&#8221; rt_tablet_margins=&#8221;,,,&#8221; rt_tablet_content_margins=&#8221;,,,&#8221; rt_vc_seperator_3=&#8221;&#8221; rt_sp_paddings=&#8221;,,,&#8221; rt_sp_margins=&#8221;,,,&#8221; rt_sp_content_margins=&#8221;,,,&#8221;][vc_column rt_bg_effect=&#8221;classic&#8221; rt_bg_image_repeat=&#8221;repeat&#8221; rt_bg_size=&#8221;auto auto&#8221; rt_bg_position=&#8221;right top&#8221; rt_bg_attachment=&#8221;scroll&#8221;][vc_empty_space]<div class=\"rt-heading-wrapper style-1 rt-8411948\">\n\t\t\t\t\t\t<h2 class=\"rt-heading style-1\" >Kapcsol\u00f3d\u00f3 cikkek<\/h2>\n\t\t\t\t\t<\/div>\n<div id=\"blog-dynamicID-620690\" class=\"blog_list clearfix fixed_heights\" data-column-width=\"3\">\n<div class=\"row clearfix\">\n<article id=\"21881\" class=\"col col-sm-4 post-21881 post type-post status-publish format-standard has-post-thumbnail hentry category-online-marketing-eszkozok tag-marketing-hu tag-adwords-hu tag-content-marketing-hu tag-webdizajn-hu tag-seo-optimalizacie-hu\"><div class=\"post-content-wrapper\">\n \n\n<!-- blog box-->\n\t\t\t\t<figure class=\"featured_image featured_media\">\n\t\t\t<a href=\"https:\/\/webandgo.sk\/hu\/legjobb-marketingcsatornak-vallalkozasod-szamara\" title=\"A legjobb marketingcsatorn\u00e1k v\u00e1llalkoz\u00e1sod sz\u00e1m\u00e1ra\" class=\"imgeffect link featured_image\"><img decoding=\"async\" src=\"https:\/\/webandgo.sk\/wp-content\/uploads\/2024\/08\/a-legjobb-marketingcsatornak-vallalkozasod-szamara-480x246.jpg\" alt=\"\" class=\"\" width=\"480\" height=\"246\" \/><\/a>\t\t\n\t\t<\/figure> \n\t\t\n\t<a href=\"https:\/\/webandgo.sk\/hu\/legjobb-marketingcsatornak-vallalkozasod-szamara\" title=\"A legjobb marketingcsatorn\u00e1k v\u00e1llalkoz\u00e1sod sz\u00e1m\u00e1ra\" class=\"post-date\">2024. augusztus 7.<\/a>\t\t\t\t\n\n\t<div class=\"entry-content text\">\n\n\t\t<!-- blog headline-->\n\t\t<h2 class=\"entry-title\"><a href=\"https:\/\/webandgo.sk\/hu\/legjobb-marketingcsatornak-vallalkozasod-szamara\" rel=\"bookmark\">A legjobb marketingcsatorn\u00e1k v\u00e1llalkoz\u00e1sod sz\u00e1m\u00e1ra<\/a><\/h2> \n\n\t\t\r\n\t\t<!-- meta data -->\r\n\t\t<div class=\"post_data\">\r\n\r\n\t\t\t\r\n\t\t\t\t\t\t<!-- user -->                                     \r\n\t\t\t<span class=\"user\">\r\n\t\t\tby  <a href=\"https:\/\/webandgo.sk\/hu\/author\/tibcsi\/\" title=\"Tibcsi bejegyz\u00e9se\" rel=\"author\">Tibcsi<\/a>\t\t\t\t\r\n\t\t\t<\/span>\r\n\r\n\t\t\t\t\t\t\t\r\n\t\t\t\t\t\t<!-- categories -->\r\n\t\t\t<span class=\"categories\">\r\n\t\t\tKateg\u00f3ria: <a href=\"https:\/\/webandgo.sk\/hu\/online-marketing-eszkozok\/\" rel=\"category tag\">Online marketing<\/a>\t\t\t\t\r\n\t\t\t<\/span>\r\n\t\t\t\r\n\t\t\t\r\n\t\t\t\t\t\t\r\n\t\t<\/div><!-- \/ end div  .post_data -->\r\n\t\n\t\t<p>Manaps\u00e1g a megfelel\u0151 hirdet\u00e9si form\u00e1k minden v\u00e1llalkoz\u00e1s siker\u00e9nek sarokk\u00f6vei. Ak\u00e1r most ind\u00edtod az els\u0151 v\u00e1llalkoz\u00e1sodat...<\/p>\t<\/div> \n\n\t<div class=\"entry-footer\">\n\n\t\t<a href=\"https:\/\/webandgo.sk\/hu\/legjobb-marketingcsatornak-vallalkozasod-szamara\" class=\"read_more\">Tov\u00e1bb olvasom<\/a><div class=\"social_share\"><span class=\"ui-icon-line-share\"><span>SHARE<\/span><\/span><ul><li class=\"mail\"><a class=\"ui-icon-mail \" href=\"mailto:?body=https%3A%2F%2Fwebandgo.sk%2Fhu%2Flegjobb-marketingcsatornak-vallalkozasod-szamara\" title=\"Email\"><span>Email<\/span><\/a><\/li><li class=\"twitter\"><a class=\"ui-icon-twitter \" href=\"#\" data-url=\"http:\/\/twitter.com\/intent\/tweet?text=A+legjobb+marketingcsatorn%C3%A1k+v%C3%A1llalkoz%C3%A1sod+sz%C3%A1m%C3%A1ra+https%3A%2F%2Fwebandgo.sk%2Fhu%2Flegjobb-marketingcsatornak-vallalkozasod-szamara\" title=\"X\"><span>X<\/span><\/a><\/li><li class=\"facebook\"><a class=\"ui-icon-facebook \" href=\"#\" data-url=\"http:\/\/www.facebook.com\/sharer\/sharer.php?u=https%3A%2F%2Fwebandgo.sk%2Fhu%2Flegjobb-marketingcsatornak-vallalkozasod-szamara&amp;title=A+legjobb+marketingcsatorn%C3%A1k+v%C3%A1llalkoz%C3%A1sod+sz%C3%A1m%C3%A1ra\" title=\"Facebook\"><span>Facebook<\/span><\/a><\/li><li class=\"pinterest\"><a class=\"ui-icon-pinterest \" href=\"#\" data-url=\"http:\/\/pinterest.com\/pin\/create\/bookmarklet\/?media=https%3A%2F%2Fwebandgo.sk%2Fwp-content%2Fuploads%2F2024%2F08%2Fa-legjobb-marketingcsatornak-vallalkozasod-szamara.jpg&amp;url=https%3A%2F%2Fwebandgo.sk%2Fhu%2Flegjobb-marketingcsatornak-vallalkozasod-szamara&amp;is_video=false&amp;description=A+legjobb+marketingcsatorn%C3%A1k+v%C3%A1llalkoz%C3%A1sod+sz%C3%A1m%C3%A1ra\" title=\"Pinterest\"><span>Pinterest<\/span><\/a><\/li><li class=\"linkedin\"><a class=\"ui-icon-linkedin \" href=\"#\" data-url=\"http:\/\/www.linkedin.com\/shareArticle?mini=true&amp;url=https%3A%2F%2Fwebandgo.sk%2Fhu%2Flegjobb-marketingcsatornak-vallalkozasod-szamara&amp;title=A+legjobb+marketingcsatorn%C3%A1k+v%C3%A1llalkoz%C3%A1sod+sz%C3%A1m%C3%A1ra&amp;source=\" title=\"Linkedin\"><span>Linkedin<\/span><\/a><\/li><li class=\"vkontakte\"><a class=\"ui-icon-vkontakte \" href=\"#\" data-url=\"http:\/\/vkontakte.ru\/share.php?url=https%3A%2F%2Fwebandgo.sk%2Fhu%2Flegjobb-marketingcsatornak-vallalkozasod-szamara\" title=\"Vkontakte\"><span>Vkontakte<\/span><\/a><\/li><li class=\"whatsapp\"><a class=\"ui-icon-whatsapp \" href=\"#\" data-url=\"whatsapp:\/\/send?text=https%3A%2F%2Fwebandgo.sk%2Fhu%2Flegjobb-marketingcsatornak-vallalkozasod-szamara\" title=\"WhatsApp\"><span>WhatsApp<\/span><\/a><\/li><\/ul><\/div>\n\t<\/div>\n\n<!-- \/ blog box-->\n<\/div><\/article>\n<article id=\"21543\" class=\"col col-sm-4 post-21543 post type-post status-publish format-standard has-post-thumbnail hentry category-online-marketing-eszkozok tag-google-hu tag-marketing-hu tag-adwords-hu\"><div class=\"post-content-wrapper\">\n \n\n<!-- blog box-->\n\t\t\t\t<figure class=\"featured_image featured_media\">\n\t\t\t<a href=\"https:\/\/webandgo.sk\/hu\/google-ads-kampanyokkal-tobb-megrendelest-forgalmat-erhetsz-el\" title=\"Ezekkel a Google Ads kamp\u00e1nyokkal t\u00f6bb megrendel\u00e9st \u00e9s forgalmat \u00e9rhetsz el a v\u00e1llalkoz\u00e1sodban\" class=\"imgeffect link featured_image\"><img decoding=\"async\" src=\"https:\/\/webandgo.sk\/wp-content\/uploads\/2024\/05\/ezekkel-a-google-ads-kampanyokkal-tobb-megrendelest-es-forgalmat-erhetsz-el-a-vallalkozasodban-480x246.jpg\" alt=\"\" class=\"\" width=\"480\" height=\"246\" \/><\/a>\t\t\n\t\t<\/figure> \n\t\t\n\t<a href=\"https:\/\/webandgo.sk\/hu\/google-ads-kampanyokkal-tobb-megrendelest-forgalmat-erhetsz-el\" title=\"Ezekkel a Google Ads kamp\u00e1nyokkal t\u00f6bb megrendel\u00e9st \u00e9s forgalmat \u00e9rhetsz el a v\u00e1llalkoz\u00e1sodban\" class=\"post-date\">2024. m\u00e1jus 22.<\/a>\t\t\t\t\n\n\t<div class=\"entry-content text\">\n\n\t\t<!-- blog headline-->\n\t\t<h2 class=\"entry-title\"><a href=\"https:\/\/webandgo.sk\/hu\/google-ads-kampanyokkal-tobb-megrendelest-forgalmat-erhetsz-el\" rel=\"bookmark\">Ezekkel a Google Ads kamp\u00e1nyokkal t\u00f6bb megrendel\u00e9st \u00e9s forgalmat \u00e9rhetsz el a v\u00e1llalkoz\u00e1sodban<\/a><\/h2> \n\n\t\t\r\n\t\t<!-- meta data -->\r\n\t\t<div class=\"post_data\">\r\n\r\n\t\t\t\r\n\t\t\t\t\t\t<!-- user -->                                     \r\n\t\t\t<span class=\"user\">\r\n\t\t\tby  <a href=\"https:\/\/webandgo.sk\/hu\/author\/tibcsi\/\" title=\"Tibcsi bejegyz\u00e9se\" rel=\"author\">Tibcsi<\/a>\t\t\t\t\r\n\t\t\t<\/span>\r\n\r\n\t\t\t\t\t\t\t\r\n\t\t\t\t\t\t<!-- categories -->\r\n\t\t\t<span class=\"categories\">\r\n\t\t\tKateg\u00f3ria: <a href=\"https:\/\/webandgo.sk\/hu\/online-marketing-eszkozok\/\" rel=\"category tag\">Online marketing<\/a>\t\t\t\t\r\n\t\t\t<\/span>\r\n\t\t\t\r\n\t\t\t\r\n\t\t\t\t\t\t\r\n\t\t<\/div><!-- \/ end div  .post_data -->\r\n\t\n\t\t<p>D\u00f4le\u017eit\u00e9 a u\u017eito\u010dn\u00e9 inform\u00e1cie, ktor\u00e9 v\u00e1m pom\u00f4\u017eu lep\u0161ie spravova\u0165 firemn\u00fd profil na Google a dosiahnu\u0165 ove\u013ea lep\u0161ie v\u00fdsl...<\/p>\t<\/div> \n\n\t<div class=\"entry-footer\">\n\n\t\t<a href=\"https:\/\/webandgo.sk\/hu\/google-ads-kampanyokkal-tobb-megrendelest-forgalmat-erhetsz-el\" class=\"read_more\">Tov\u00e1bb olvasom<\/a><div class=\"social_share\"><span class=\"ui-icon-line-share\"><span>SHARE<\/span><\/span><ul><li class=\"mail\"><a class=\"ui-icon-mail \" href=\"mailto:?body=https%3A%2F%2Fwebandgo.sk%2Fhu%2Fgoogle-ads-kampanyokkal-tobb-megrendelest-forgalmat-erhetsz-el\" title=\"Email\"><span>Email<\/span><\/a><\/li><li class=\"twitter\"><a class=\"ui-icon-twitter \" href=\"#\" data-url=\"http:\/\/twitter.com\/intent\/tweet?text=Ezekkel+a+Google+Ads+kamp%C3%A1nyokkal+t%C3%B6bb+megrendel%C3%A9st+%C3%A9s+forgalmat+%C3%A9rhetsz+el+a+v%C3%A1llalkoz%C3%A1sodban+https%3A%2F%2Fwebandgo.sk%2Fhu%2Fgoogle-ads-kampanyokkal-tobb-megrendelest-forgalmat-erhetsz-el\" title=\"X\"><span>X<\/span><\/a><\/li><li class=\"facebook\"><a class=\"ui-icon-facebook \" href=\"#\" data-url=\"http:\/\/www.facebook.com\/sharer\/sharer.php?u=https%3A%2F%2Fwebandgo.sk%2Fhu%2Fgoogle-ads-kampanyokkal-tobb-megrendelest-forgalmat-erhetsz-el&amp;title=Ezekkel+a+Google+Ads+kamp%C3%A1nyokkal+t%C3%B6bb+megrendel%C3%A9st+%C3%A9s+forgalmat+%C3%A9rhetsz+el+a+v%C3%A1llalkoz%C3%A1sodban\" title=\"Facebook\"><span>Facebook<\/span><\/a><\/li><li class=\"pinterest\"><a class=\"ui-icon-pinterest \" href=\"#\" data-url=\"http:\/\/pinterest.com\/pin\/create\/bookmarklet\/?media=https%3A%2F%2Fwebandgo.sk%2Fwp-content%2Fuploads%2F2024%2F05%2Fezekkel-a-google-ads-kampanyokkal-tobb-megrendelest-es-forgalmat-erhetsz-el-a-vallalkozasodban.jpg&amp;url=https%3A%2F%2Fwebandgo.sk%2Fhu%2Fgoogle-ads-kampanyokkal-tobb-megrendelest-forgalmat-erhetsz-el&amp;is_video=false&amp;description=Ezekkel+a+Google+Ads+kamp%C3%A1nyokkal+t%C3%B6bb+megrendel%C3%A9st+%C3%A9s+forgalmat+%C3%A9rhetsz+el+a+v%C3%A1llalkoz%C3%A1sodban\" title=\"Pinterest\"><span>Pinterest<\/span><\/a><\/li><li class=\"linkedin\"><a class=\"ui-icon-linkedin \" href=\"#\" data-url=\"http:\/\/www.linkedin.com\/shareArticle?mini=true&amp;url=https%3A%2F%2Fwebandgo.sk%2Fhu%2Fgoogle-ads-kampanyokkal-tobb-megrendelest-forgalmat-erhetsz-el&amp;title=Ezekkel+a+Google+Ads+kamp%C3%A1nyokkal+t%C3%B6bb+megrendel%C3%A9st+%C3%A9s+forgalmat+%C3%A9rhetsz+el+a+v%C3%A1llalkoz%C3%A1sodban&amp;source=\" title=\"Linkedin\"><span>Linkedin<\/span><\/a><\/li><li class=\"vkontakte\"><a class=\"ui-icon-vkontakte \" href=\"#\" data-url=\"http:\/\/vkontakte.ru\/share.php?url=https%3A%2F%2Fwebandgo.sk%2Fhu%2Fgoogle-ads-kampanyokkal-tobb-megrendelest-forgalmat-erhetsz-el\" title=\"Vkontakte\"><span>Vkontakte<\/span><\/a><\/li><li class=\"whatsapp\"><a class=\"ui-icon-whatsapp \" href=\"#\" data-url=\"whatsapp:\/\/send?text=https%3A%2F%2Fwebandgo.sk%2Fhu%2Fgoogle-ads-kampanyokkal-tobb-megrendelest-forgalmat-erhetsz-el\" title=\"WhatsApp\"><span>WhatsApp<\/span><\/a><\/li><\/ul><\/div>\n\t<\/div>\n\n<!-- \/ blog box-->\n<\/div><\/article>\n<article id=\"21292\" class=\"col col-sm-4 post-21292 post type-post status-publish format-standard has-post-thumbnail hentry category-online-marketing-eszkozok category-rady-a-tipy-hu tag-online-marketing\"><div class=\"post-content-wrapper\">\n \n\n<!-- blog box-->\n\t\t\t\t<figure class=\"featured_image featured_media\">\n\t\t\t<a href=\"https:\/\/webandgo.sk\/hu\/a-legerthetobb-cikk-arrol-hogyan-kell-az-online-marketingnek-tenylegesen-mukodnie\" title=\"A leg\u00e9rthet\u0151bb cikk arr\u00f3l, hogyan kell az online marketingnek t\u00e9nylegesen m\u0171k\u00f6dnie\" class=\"imgeffect link featured_image\"><img decoding=\"async\" src=\"https:\/\/webandgo.sk\/wp-content\/uploads\/2024\/01\/a-legerthetobb-cikk-arrol-hogyan-kell-az-online-marketingnek-tenylegesen-mukodnie-480x246.jpg\" alt=\"\" class=\"\" width=\"480\" height=\"246\" \/><\/a>\t\t\n\t\t<\/figure> \n\t\t\n\t<a href=\"https:\/\/webandgo.sk\/hu\/a-legerthetobb-cikk-arrol-hogyan-kell-az-online-marketingnek-tenylegesen-mukodnie\" title=\"A leg\u00e9rthet\u0151bb cikk arr\u00f3l, hogyan kell az online marketingnek t\u00e9nylegesen m\u0171k\u00f6dnie\" class=\"post-date\">2024. janu\u00e1r 17.<\/a>\t\t\t\t\n\n\t<div class=\"entry-content text\">\n\n\t\t<!-- blog headline-->\n\t\t<h2 class=\"entry-title\"><a href=\"https:\/\/webandgo.sk\/hu\/a-legerthetobb-cikk-arrol-hogyan-kell-az-online-marketingnek-tenylegesen-mukodnie\" rel=\"bookmark\">A leg\u00e9rthet\u0151bb cikk arr\u00f3l, hogyan kell az online marketingnek t\u00e9nylegesen m\u0171k\u00f6dnie<\/a><\/h2> \n\n\t\t\r\n\t\t<!-- meta data -->\r\n\t\t<div class=\"post_data\">\r\n\r\n\t\t\t\r\n\t\t\t\t\t\t<!-- user -->                                     \r\n\t\t\t<span class=\"user\">\r\n\t\t\tby  <a href=\"https:\/\/webandgo.sk\/hu\/author\/tibcsi\/\" title=\"Tibcsi bejegyz\u00e9se\" rel=\"author\">Tibcsi<\/a>\t\t\t\t\r\n\t\t\t<\/span>\r\n\r\n\t\t\t\t\t\t\t\r\n\t\t\t\t\t\t<!-- categories -->\r\n\t\t\t<span class=\"categories\">\r\n\t\t\tKateg\u00f3ria: <a href=\"https:\/\/webandgo.sk\/hu\/online-marketing-eszkozok\/\" rel=\"category tag\">Online marketing<\/a>, <a href=\"https:\/\/webandgo.sk\/hu\/rady-a-tipy-hu\/\" rel=\"category tag\">Tippek \u00e9s tan\u00e1csok<\/a>\t\t\t\t\r\n\t\t\t<\/span>\r\n\t\t\t\r\n\t\t\t\r\n\t\t\t\t\t\t\r\n\t\t<\/div><!-- \/ end div  .post_data -->\r\n\t\n\t\t<p>Online marketing n\u00e9lk\u00fcl a c\u00e9ged gyakorlatilag nem is l\u00e9tezik. \u00c9s nem, egy weboldal m\u00e1r nem lesz el\u00e9g sz\u00e1modra.<\/p>\t<\/div> \n\n\t<div class=\"entry-footer\">\n\n\t\t<a href=\"https:\/\/webandgo.sk\/hu\/a-legerthetobb-cikk-arrol-hogyan-kell-az-online-marketingnek-tenylegesen-mukodnie\" class=\"read_more\">Tov\u00e1bb olvasom<\/a><div class=\"social_share\"><span class=\"ui-icon-line-share\"><span>SHARE<\/span><\/span><ul><li class=\"mail\"><a class=\"ui-icon-mail \" href=\"mailto:?body=https%3A%2F%2Fwebandgo.sk%2Fhu%2Fa-legerthetobb-cikk-arrol-hogyan-kell-az-online-marketingnek-tenylegesen-mukodnie\" title=\"Email\"><span>Email<\/span><\/a><\/li><li class=\"twitter\"><a class=\"ui-icon-twitter \" href=\"#\" data-url=\"http:\/\/twitter.com\/intent\/tweet?text=A+leg%C3%A9rthet%C5%91bb+cikk+arr%C3%B3l%2C+hogyan+kell+az+online+marketingnek+t%C3%A9nylegesen+m%C5%B1k%C3%B6dnie+https%3A%2F%2Fwebandgo.sk%2Fhu%2Fa-legerthetobb-cikk-arrol-hogyan-kell-az-online-marketingnek-tenylegesen-mukodnie\" title=\"X\"><span>X<\/span><\/a><\/li><li class=\"facebook\"><a class=\"ui-icon-facebook \" href=\"#\" data-url=\"http:\/\/www.facebook.com\/sharer\/sharer.php?u=https%3A%2F%2Fwebandgo.sk%2Fhu%2Fa-legerthetobb-cikk-arrol-hogyan-kell-az-online-marketingnek-tenylegesen-mukodnie&amp;title=A+leg%C3%A9rthet%C5%91bb+cikk+arr%C3%B3l%2C+hogyan+kell+az+online+marketingnek+t%C3%A9nylegesen+m%C5%B1k%C3%B6dnie\" title=\"Facebook\"><span>Facebook<\/span><\/a><\/li><li class=\"pinterest\"><a class=\"ui-icon-pinterest \" href=\"#\" data-url=\"http:\/\/pinterest.com\/pin\/create\/bookmarklet\/?media=https%3A%2F%2Fwebandgo.sk%2Fwp-content%2Fuploads%2F2024%2F01%2Fa-legerthetobb-cikk-arrol-hogyan-kell-az-online-marketingnek-tenylegesen-mukodnie.jpg&amp;url=https%3A%2F%2Fwebandgo.sk%2Fhu%2Fa-legerthetobb-cikk-arrol-hogyan-kell-az-online-marketingnek-tenylegesen-mukodnie&amp;is_video=false&amp;description=A+leg%C3%A9rthet%C5%91bb+cikk+arr%C3%B3l%2C+hogyan+kell+az+online+marketingnek+t%C3%A9nylegesen+m%C5%B1k%C3%B6dnie\" title=\"Pinterest\"><span>Pinterest<\/span><\/a><\/li><li class=\"linkedin\"><a class=\"ui-icon-linkedin \" href=\"#\" data-url=\"http:\/\/www.linkedin.com\/shareArticle?mini=true&amp;url=https%3A%2F%2Fwebandgo.sk%2Fhu%2Fa-legerthetobb-cikk-arrol-hogyan-kell-az-online-marketingnek-tenylegesen-mukodnie&amp;title=A+leg%C3%A9rthet%C5%91bb+cikk+arr%C3%B3l%2C+hogyan+kell+az+online+marketingnek+t%C3%A9nylegesen+m%C5%B1k%C3%B6dnie&amp;source=\" title=\"Linkedin\"><span>Linkedin<\/span><\/a><\/li><li class=\"vkontakte\"><a class=\"ui-icon-vkontakte \" href=\"#\" data-url=\"http:\/\/vkontakte.ru\/share.php?url=https%3A%2F%2Fwebandgo.sk%2Fhu%2Fa-legerthetobb-cikk-arrol-hogyan-kell-az-online-marketingnek-tenylegesen-mukodnie\" title=\"Vkontakte\"><span>Vkontakte<\/span><\/a><\/li><li class=\"whatsapp\"><a class=\"ui-icon-whatsapp \" href=\"#\" data-url=\"whatsapp:\/\/send?text=https%3A%2F%2Fwebandgo.sk%2Fhu%2Fa-legerthetobb-cikk-arrol-hogyan-kell-az-online-marketingnek-tenylegesen-mukodnie\" title=\"WhatsApp\"><span>WhatsApp<\/span><\/a><\/li><\/ul><\/div>\n\t<\/div>\n\n<!-- \/ blog box-->\n<\/div><\/article>\n<\/div>\n<\/div>\n[\/vc_column][\/vc_row]<\/p>\n","protected":false},"excerpt":{"rendered":"<p>[vc_row rt_row_background_width=&#8221;fullwidth&#8221; rt_row_content_width=&#8221;default&#8221; rt_row_style=&#8221;default-style&#8221; rt_row_height=&#8221;&#8221; rt_column_gaps=&#8221;&#8221; rt_row_shadows=&#8221;&#8221; rt_row_borders=&#8221;&#8221; rt_bg_effect=&#8221;classic&#8221; rt_bg_image_repeat=&#8221;repeat&#8221; rt_bg_size=&#8221;cover&#8221; rt_bg_position=&#8221;right top&#8221; rt_bg_attachment=&#8221;scroll&#8221; rt_bg_layer=&#8221;&#8221; rt_bg_video_format=&#8221;self-hosted&#8221;][vc_column rt_bg_effect=&#8221;classic&#8221; rt_bg_image_repeat=&#8221;repeat&#8221; rt_bg_size=&#8221;auto auto&#8221; rt_bg_position=&#8221;right top&#8221; rt_bg_attachment=&#8221;scroll&#8221;][vc_column_text] Facebook Ads &#8211; bejegyz\u00e9sek: 12x bejegyz\u00e9s\/ aj\u00e1nlott id\u0151tartam 1 \u2013 3 h\u00f3nap Minim\u00e1lisan javasolt hirdet\u00e9si \u00f6sszeg: 120 \u20ac 365 \u20ac 8x bejegyz\u00e9s\/ aj\u00e1nlott id\u0151tartam 1 \u2013 2 h\u00f3nap Minim\u00e1lisan javasolt hirdet\u00e9si \u00f6sszeg: [&hellip;]<\/p>\n","protected":false},"author":6,"featured_media":22699,"parent":6840,"menu_order":0,"comment_status":"closed","ping_status":"closed","template":"","meta":{"_stopmodifiedupdate":false,"_modified_date":"","_seopress_robots_primary_cat":"","_seopress_titles_title":"","_seopress_titles_desc":"Cenn\u00edk na online marketingov\u00e9 slu\u017eby na\u0161ej spolo\u010dnosti. PPC kampane Google - Facebook, podrobn\u00e1 anal\u00fdza webstr\u00e1nok a e-shopov....","_seopress_robots_index":"","_lmt_disableupdate":"no","_lmt_disable":"","footnotes":""},"class_list":["post-16408","page","type-page","status-publish","has-post-thumbnail","hentry"],"_links":{"self":[{"href":"https:\/\/webandgo.sk\/hu\/wp-json\/wp\/v2\/pages\/16408","targetHints":{"allow":["GET"]}}],"collection":[{"href":"https:\/\/webandgo.sk\/hu\/wp-json\/wp\/v2\/pages"}],"about":[{"href":"https:\/\/webandgo.sk\/hu\/wp-json\/wp\/v2\/types\/page"}],"author":[{"embeddable":true,"href":"https:\/\/webandgo.sk\/hu\/wp-json\/wp\/v2\/users\/6"}],"replies":[{"embeddable":true,"href":"https:\/\/webandgo.sk\/hu\/wp-json\/wp\/v2\/comments?post=16408"}],"version-history":[{"count":1,"href":"https:\/\/webandgo.sk\/hu\/wp-json\/wp\/v2\/pages\/16408\/revisions"}],"predecessor-version":[{"id":22797,"href":"https:\/\/webandgo.sk\/hu\/wp-json\/wp\/v2\/pages\/16408\/revisions\/22797"}],"up":[{"embeddable":true,"href":"https:\/\/webandgo.sk\/hu\/wp-json\/wp\/v2\/pages\/6840"}],"wp:featuredmedia":[{"embeddable":true,"href":"https:\/\/webandgo.sk\/hu\/wp-json\/wp\/v2\/media\/22699"}],"wp:attachment":[{"href":"https:\/\/webandgo.sk\/hu\/wp-json\/wp\/v2\/media?parent=16408"}],"curies":[{"name":"wp","href":"https:\/\/api.w.org\/{rel}","templated":true}]}}