{"id":18579,"date":"2021-12-13T14:39:17","date_gmt":"2021-12-13T13:39:17","guid":{"rendered":"https:\/\/webandgo.sk\/?page_id=18579"},"modified":"2025-04-03T10:04:20","modified_gmt":"2025-04-03T08:04:20","slug":"cennik-tvorba-loga","status":"publish","type":"page","link":"https:\/\/webandgo.sk\/hu\/arlista-logotervezes","title":{"rendered":"Log\u00f3tervez\u00e9s"},"content":{"rendered":"<p>[vc_row rt_row_background_width=&#8221;fullwidth&#8221; rt_row_content_width=&#8221;default&#8221; rt_row_style=&#8221;default-style&#8221; rt_row_height=&#8221;&#8221; rt_column_gaps=&#8221;&#8221; rt_row_shadows=&#8221;&#8221; rt_row_borders=&#8221;&#8221; rt_bg_effect=&#8221;classic&#8221; rt_bg_image_repeat=&#8221;repeat&#8221; rt_bg_size=&#8221;cover&#8221; rt_bg_position=&#8221;right top&#8221; rt_bg_attachment=&#8221;scroll&#8221; rt_bg_layer=&#8221;&#8221; rt_bg_video_format=&#8221;self-hosted&#8221;][vc_column rt_bg_effect=&#8221;classic&#8221; rt_bg_image_repeat=&#8221;repeat&#8221; rt_bg_size=&#8221;auto auto&#8221; rt_bg_position=&#8221;right top&#8221; rt_bg_attachment=&#8221;scroll&#8221;][vc_column_text]<\/p>\n<p class=\"p2\">A profin megtervezett log\u00f3 adja meg v\u00e1llalkoz\u00e1sod arculat\u00e1t. Alkosd meg vel\u00fcnk v\u00e1llalkoz\u00e1sod vizu\u00e1lis j\u00f6v\u0151k\u00e9p\u00e9t.<span class=\"Apple-converted-space\">\u00a0<\/span><\/p>\n<p>[\/vc_column_text]<div id=\"\" class=\"pricing_table service \" data-rt-animation-group=\"group\"><div id=\"\" class=\"table_wrap  \" data-rt-animate=\"animate\" data-rt-animation-type=\"fadeInDown\"><ul>\n\t\t<li class=\"caption\">\n\t\t\t<div class=\"title\">PR\u00c9MIUM\n\t<small>\n\t\tC\u00e9ges log\u00f3terv, \u00fatmutat\u00f3val a log\u00f3 felhaszn\u00e1l\u00e1s\u00e1hoz \n\t<\/small>\n\t<\/div>\n\t\t<\/li>\n\t\t\n\t\t<li class=\"price\">\n\t\t\t<div>\n\t\t\t\t<span>420<sup>\u20ac<\/sup><\/span>\n\t\t\t<\/div>\n\t\t<\/li>\n\t\t<p class=\"p2\" style=\"text-align: center;\"><strong>5 terv,<\/strong><br \/>\namib\u0151l<span class=\"Apple-converted-space\">\u00a0<\/span>egy v\u00e1lik v\u00e9glegess\u00e9<span class=\"Apple-converted-space\">\u00a0<\/span><\/p>\n<p class=\"p2\" style=\"text-align: center;\"><strong>3 korrekci\u00f3s lehet\u0151s\u00e9g<\/strong><br \/>\naz \u00fcgyf\u00e9l ig\u00e9nyeihez igazodva<span class=\"Apple-converted-space\">\u00a0<\/span><\/p>\n<p class=\"p2\" style=\"text-align: center;\"><strong>A log\u00f3 v\u00e9gleges\u00edt\u00e9se<\/strong><br \/>\n\u00e9s \u00e1tad\u00e1sa minden sz\u00fcks\u00e9ges form\u00e1tumban<span class=\"Apple-converted-space\">\u00a0<\/span><\/p>\n<p class=\"p2\" style=\"text-align: center;\"><strong>Teljes k\u00f6r\u0171 \u00fatmutat\u00f3<\/strong><span class=\"Apple-converted-space\"><strong>\u00a0<\/strong><br \/>\n<\/span>a log\u00f3 haszn\u00e1lat\u00e1hoz<span class=\"Apple-converted-space\">\u00a0<\/span><\/p>\n<\/div><div id=\"\" class=\"table_wrap highlight \" data-rt-animate=\"animate\" data-rt-animation-type=\"fadeInDown\"><ul>\n\t\t<li class=\"caption\">\n\t\t\t<div class=\"title\">STANDARD\n\t<small>\n\t\tC\u00e9ges log\u00f3terv, \u00fatmutat\u00f3val a log\u00f3 felhaszn\u00e1l\u00e1s\u00e1hoz \n\t<\/small>\n\t<\/div>\n\t\t<\/li>\n\t\t\n\t\t<li class=\"price\">\n\t\t\t<div>\n\t\t\t\t<span>290<sup>\u20ac<\/sup><\/span>\n\t\t\t<\/div>\n\t\t<\/li>\n\t\t<p class=\"p2\" style=\"text-align: center;\"><strong>3 terv,<\/strong><br \/>\namib\u0151l egy v\u00e1lik v\u00e9glegess\u00e9<\/p>\n<p class=\"p2\" style=\"text-align: center;\"><strong>2 korrekci\u00f3s lehet\u0151s\u00e9g<\/strong><br \/>\naz \u00fcgyf\u00e9l ig\u00e9nyeihez igazodva<\/p>\n<p class=\"p2\" style=\"text-align: center;\"><strong>A log\u00f3 v\u00e9gleges\u00edt\u00e9se<\/strong><br \/>\n\u00e9s \u00e1tad\u00e1sa minden sz\u00fcks\u00e9ges form\u00e1tumban<\/p>\n<p class=\"p2\" style=\"text-align: center;\"><strong>Teljes k\u00f6r\u0171 \u00fatmutat\u00f3<\/strong><span class=\"Apple-converted-space\"><strong>\u00a0<\/strong><br \/>\n<\/span>a log\u00f3 haszn\u00e1lat\u00e1hoz<\/p>\n<\/div><div id=\"\" class=\"table_wrap  \" data-rt-animate=\"animate\" data-rt-animation-type=\"fadeInDown\"><ul>\n\t\t<li class=\"caption\">\n\t\t\t<div class=\"title\">BASIC\n\t<small>\n\t\tC\u00e9ges log\u00f3terv - \n\t<\/small>\n\t<\/div>\n\t\t<\/li>\n\t\t\n\t\t<li class=\"price\">\n\t\t\t<div>\n\t\t\t\t<span>175<sup>\u20ac<\/sup><\/span>\n\t\t\t<\/div>\n\t\t<\/li>\n\t\t<p class=\"p2\" style=\"text-align: center;\"><strong>3 terv,<\/strong><br \/>\namib\u0151l egy v\u00e1lik v\u00e9glegess\u00e9<\/p>\n<p class=\"p2\" style=\"text-align: center;\"><strong>2 korrekci\u00f3s lehet\u0151s\u00e9g<\/strong><br \/>\naz \u00fcgyf\u00e9l ig\u00e9nyeihez igazodva<\/p>\n<p class=\"p2\" style=\"text-align: center;\"><strong>A log\u00f3 v\u00e9gleges\u00edt\u00e9se<\/strong><br \/>\n\u00e9s \u00e1tad\u00e1sa minden sz\u00fcks\u00e9ges form\u00e1tumban<\/p>\n<p class=\"p2\" style=\"text-align: center;\"><strong>Teljes k\u00f6r\u0171 \u00fatmutat\u00f3<\/strong><span class=\"Apple-converted-space\"><strong>\u00a0<\/strong><br \/>\n<\/span>a log\u00f3 haszn\u00e1lat\u00e1hoz<\/p>\n<\/div><\/div>[vc_empty_space][vc_column_text]<\/p>\n<h2 style=\"text-align: center;\"><strong>Log\u00f3 tan\u00fas\u00edtv\u00e1ny \u00e9s licencsz\u00e1m (Copyright \u00a9)<br \/>\n<\/strong>49 \u20ac \/ \u00e9v<\/h2>\n<p>[\/vc_column_text][vc_empty_space][vc_column_text]<\/p>\n<p style=\"text-align: center;\"><em>A felt\u00fcntetett \u00e1rak t\u00e1j\u00e9koztat\u00f3 jelleg\u0171ek.\u00a0<\/em><em>K\u00fcl\u00f6nleges k\u00e9r\u00e9sek eset\u00e9n egyedi \u00e1raj\u00e1nlatot dolgozunk ki.<br \/>\nAz \u00e1rak \u00e1fa n\u00e9lk\u00fcl vannak felt\u00fcntetve.<\/em><\/p>\n<p>[\/vc_column_text][\/vc_column][\/vc_row][vc_row rt_row_background_width=&#8221;fullwidth&#8221; rt_row_content_width=&#8221;default&#8221; rt_row_style=&#8221;default-style&#8221; rt_row_height=&#8221;&#8221; rt_column_gaps=&#8221;&#8221; rt_row_shadows=&#8221;&#8221; rt_row_borders=&#8221;&#8221; rt_bg_effect=&#8221;classic&#8221; rt_bg_image_repeat=&#8221;repeat&#8221; rt_bg_size=&#8221;cover&#8221; rt_bg_position=&#8221;right top&#8221; rt_bg_attachment=&#8221;scroll&#8221; rt_bg_layer=&#8221;&#8221; rt_bg_video_format=&#8221;self-hosted&#8221;][vc_column rt_bg_effect=&#8221;classic&#8221; rt_bg_image_repeat=&#8221;repeat&#8221; rt_bg_size=&#8221;auto auto&#8221; rt_bg_position=&#8221;right top&#8221; rt_bg_attachment=&#8221;scroll&#8221;][vc_empty_space]<div class=\"rt-heading-wrapper style-1 rt-8412197\">\n\t\t\t\t\t\t<h2 class=\"rt-heading style-1\" >Kapcsol\u00f3d\u00f3 cikkek<\/h2>\n\t\t\t\t\t<\/div>\n<div id=\"blog-dynamicID-697846\" class=\"blog_list clearfix fixed_heights\" data-column-width=\"3\">\n<div class=\"row clearfix\">\n<article id=\"22828\" class=\"col col-sm-4 post-22828 post type-post status-publish format-standard has-post-thumbnail hentry category-grafikai-tervezes tag-graficke-navrhy-hu tag-grafik-hu tag-graficky-navrh-hu tag-arculat\"><div class=\"post-content-wrapper\">\n \n\n<!-- blog box-->\n\t\t\t\t<figure class=\"featured_image featured_media\">\n\t\t\t<a href=\"https:\/\/webandgo.sk\/hu\/hibak-amiket-jobb-ha-elkerulsz-amikor-ceges-arculatot-epitesz\" title=\"Hib\u00e1k, amiket jobb, ha elker\u00fclsz, amikor c\u00e9ges arculatot \u00e9p\u00edtesz\" class=\"imgeffect link featured_image\"><img decoding=\"async\" src=\"https:\/\/webandgo.sk\/wp-content\/uploads\/2025\/08\/hibak-amiket-jobb-ha-elkerulsz-amikor-ceges-arculatot-epitesz-480x246.jpg\" alt=\"\" class=\"\" width=\"480\" height=\"246\" \/><\/a>\t\t\n\t\t<\/figure> \n\t\t\n\t<a href=\"https:\/\/webandgo.sk\/hu\/hibak-amiket-jobb-ha-elkerulsz-amikor-ceges-arculatot-epitesz\" title=\"Hib\u00e1k, amiket jobb, ha elker\u00fclsz, amikor c\u00e9ges arculatot \u00e9p\u00edtesz\" class=\"post-date\">2025. augusztus 20.<\/a>\t\t\t\t\n\n\t<div class=\"entry-content text\">\n\n\t\t<!-- blog headline-->\n\t\t<h2 class=\"entry-title\"><a href=\"https:\/\/webandgo.sk\/hu\/hibak-amiket-jobb-ha-elkerulsz-amikor-ceges-arculatot-epitesz\" rel=\"bookmark\">Hib\u00e1k, amiket jobb, ha elker\u00fclsz, amikor c\u00e9ges arculatot \u00e9p\u00edtesz<\/a><\/h2> \n\n\t\t\r\n\t\t<!-- meta data -->\r\n\t\t<div class=\"post_data\">\r\n\r\n\t\t\t\r\n\t\t\t\t\t\t<!-- user -->                                     \r\n\t\t\t<span class=\"user\">\r\n\t\t\tby  <a href=\"https:\/\/webandgo.sk\/hu\/author\/tibcsi\/\" title=\"Tibcsi bejegyz\u00e9se\" rel=\"author\">Tibcsi<\/a>\t\t\t\t\r\n\t\t\t<\/span>\r\n\r\n\t\t\t\t\t\t\t\r\n\t\t\t\t\t\t<!-- categories -->\r\n\t\t\t<span class=\"categories\">\r\n\t\t\tKateg\u00f3ria: <a href=\"https:\/\/webandgo.sk\/hu\/grafikai-tervezes\/\" rel=\"category tag\">Grafikai tervez\u00e9s<\/a>\t\t\t\t\r\n\t\t\t<\/span>\r\n\t\t\t\r\n\t\t\t\r\n\t\t\t\t\t\t\r\n\t\t<\/div><!-- \/ end div  .post_data -->\r\n\t\n\t\t<p>Az er\u0151s vizu\u00e1lis arculat nemcsak egy log\u00f3b\u00f3l \u00e1ll. Ez egy komplett rendszer \u2013 alapvet\u0151 vizu\u00e1lis \u00e9s verb\u00e1lis elemek egy\u00fctt...<\/p>\t<\/div> \n\n\t<div class=\"entry-footer\">\n\n\t\t<a href=\"https:\/\/webandgo.sk\/hu\/hibak-amiket-jobb-ha-elkerulsz-amikor-ceges-arculatot-epitesz\" class=\"read_more\">Tov\u00e1bb olvasom<\/a><div class=\"social_share\"><span class=\"ui-icon-line-share\"><span>SHARE<\/span><\/span><ul><li class=\"mail\"><a class=\"ui-icon-mail \" href=\"mailto:?body=https%3A%2F%2Fwebandgo.sk%2Fhu%2Fhibak-amiket-jobb-ha-elkerulsz-amikor-ceges-arculatot-epitesz\" title=\"Email\"><span>Email<\/span><\/a><\/li><li class=\"twitter\"><a class=\"ui-icon-twitter \" href=\"#\" data-url=\"http:\/\/twitter.com\/intent\/tweet?text=Hib%C3%A1k%2C+amiket+jobb%2C+ha+elker%C3%BClsz%2C+amikor+c%C3%A9ges+arculatot+%C3%A9p%C3%ADtesz+https%3A%2F%2Fwebandgo.sk%2Fhu%2Fhibak-amiket-jobb-ha-elkerulsz-amikor-ceges-arculatot-epitesz\" title=\"X\"><span>X<\/span><\/a><\/li><li class=\"facebook\"><a class=\"ui-icon-facebook \" href=\"#\" data-url=\"http:\/\/www.facebook.com\/sharer\/sharer.php?u=https%3A%2F%2Fwebandgo.sk%2Fhu%2Fhibak-amiket-jobb-ha-elkerulsz-amikor-ceges-arculatot-epitesz&amp;title=Hib%C3%A1k%2C+amiket+jobb%2C+ha+elker%C3%BClsz%2C+amikor+c%C3%A9ges+arculatot+%C3%A9p%C3%ADtesz\" title=\"Facebook\"><span>Facebook<\/span><\/a><\/li><li class=\"pinterest\"><a class=\"ui-icon-pinterest \" href=\"#\" data-url=\"http:\/\/pinterest.com\/pin\/create\/bookmarklet\/?media=https%3A%2F%2Fwebandgo.sk%2Fwp-content%2Fuploads%2F2025%2F08%2Fhibak-amiket-jobb-ha-elkerulsz-amikor-ceges-arculatot-epitesz.jpg&amp;url=https%3A%2F%2Fwebandgo.sk%2Fhu%2Fhibak-amiket-jobb-ha-elkerulsz-amikor-ceges-arculatot-epitesz&amp;is_video=false&amp;description=Hib%C3%A1k%2C+amiket+jobb%2C+ha+elker%C3%BClsz%2C+amikor+c%C3%A9ges+arculatot+%C3%A9p%C3%ADtesz\" title=\"Pinterest\"><span>Pinterest<\/span><\/a><\/li><li class=\"linkedin\"><a class=\"ui-icon-linkedin \" href=\"#\" data-url=\"http:\/\/www.linkedin.com\/shareArticle?mini=true&amp;url=https%3A%2F%2Fwebandgo.sk%2Fhu%2Fhibak-amiket-jobb-ha-elkerulsz-amikor-ceges-arculatot-epitesz&amp;title=Hib%C3%A1k%2C+amiket+jobb%2C+ha+elker%C3%BClsz%2C+amikor+c%C3%A9ges+arculatot+%C3%A9p%C3%ADtesz&amp;source=\" title=\"Linkedin\"><span>Linkedin<\/span><\/a><\/li><li class=\"vkontakte\"><a class=\"ui-icon-vkontakte \" href=\"#\" data-url=\"http:\/\/vkontakte.ru\/share.php?url=https%3A%2F%2Fwebandgo.sk%2Fhu%2Fhibak-amiket-jobb-ha-elkerulsz-amikor-ceges-arculatot-epitesz\" title=\"Vkontakte\"><span>Vkontakte<\/span><\/a><\/li><li class=\"whatsapp\"><a class=\"ui-icon-whatsapp \" href=\"#\" data-url=\"whatsapp:\/\/send?text=https%3A%2F%2Fwebandgo.sk%2Fhu%2Fhibak-amiket-jobb-ha-elkerulsz-amikor-ceges-arculatot-epitesz\" title=\"WhatsApp\"><span>WhatsApp<\/span><\/a><\/li><\/ul><\/div>\n\t<\/div>\n\n<!-- \/ blog box-->\n<\/div><\/article>\n<article id=\"22566\" class=\"col col-sm-4 post-22566 post type-post status-publish format-standard has-post-thumbnail hentry category-grafikai-tervezes tag-navrh-plagatov-hu tag-graficky-dizajn-hu tag-vektorova-grafika-hu tag-graficke-navrhy-hu tag-grafik-hu tag-tvorba-firemneho-loga-hu\"><div class=\"post-content-wrapper\">\n \n\n<!-- blog box-->\n\t\t\t\t<figure class=\"featured_image featured_media\">\n\t\t\t<a href=\"https:\/\/webandgo.sk\/hu\/gyakorlati-tippek-es-peldak-az-eros-vizualis-identitas-letrehozasahoz\" title=\"Gyakorlati Tippek \u00e9s P\u00e9ld\u00e1k az Er\u0151s Vizu\u00e1lis Identit\u00e1s L\u00e9trehoz\u00e1s\u00e1hoz\" class=\"imgeffect link featured_image\"><img decoding=\"async\" src=\"https:\/\/webandgo.sk\/wp-content\/uploads\/2016\/01\/gyakorlati-tippek-es-peldak-az-eros-vizualis-identitas-letrehozasahoz-480x246.jpg\" alt=\"\" class=\"\" width=\"480\" height=\"246\" \/><\/a>\t\t\n\t\t<\/figure> \n\t\t\n\t<a href=\"https:\/\/webandgo.sk\/hu\/gyakorlati-tippek-es-peldak-az-eros-vizualis-identitas-letrehozasahoz\" title=\"Gyakorlati Tippek \u00e9s P\u00e9ld\u00e1k az Er\u0151s Vizu\u00e1lis Identit\u00e1s L\u00e9trehoz\u00e1s\u00e1hoz\" class=\"post-date\">2024. okt\u00f3ber 31.<\/a>\t\t\t\t\n\n\t<div class=\"entry-content text\">\n\n\t\t<!-- blog headline-->\n\t\t<h2 class=\"entry-title\"><a href=\"https:\/\/webandgo.sk\/hu\/gyakorlati-tippek-es-peldak-az-eros-vizualis-identitas-letrehozasahoz\" rel=\"bookmark\">Gyakorlati Tippek \u00e9s P\u00e9ld\u00e1k az Er\u0151s Vizu\u00e1lis Identit\u00e1s L\u00e9trehoz\u00e1s\u00e1hoz<\/a><\/h2> \n\n\t\t\r\n\t\t<!-- meta data -->\r\n\t\t<div class=\"post_data\">\r\n\r\n\t\t\t\r\n\t\t\t\t\t\t<!-- user -->                                     \r\n\t\t\t<span class=\"user\">\r\n\t\t\tby  <a href=\"https:\/\/webandgo.sk\/hu\/author\/webmaster\/\" title=\"Web &amp; go design, s.r.o. bejegyz\u00e9se\" rel=\"author\">Web & go design, s.r.o.<\/a>\t\t\t\t\r\n\t\t\t<\/span>\r\n\r\n\t\t\t\t\t\t\t\r\n\t\t\t\t\t\t<!-- categories -->\r\n\t\t\t<span class=\"categories\">\r\n\t\t\tKateg\u00f3ria: <a href=\"https:\/\/webandgo.sk\/hu\/grafikai-tervezes\/\" rel=\"category tag\">Grafikai tervez\u00e9s<\/a>\t\t\t\t\r\n\t\t\t<\/span>\r\n\t\t\t\r\n\t\t\t\r\n\t\t\t\t\t\t\r\n\t\t<\/div><!-- \/ end div  .post_data -->\r\n\t\n\t\t<p>olyan diz\u00e1jnt keres\u00fcnk, amely megfog minket \u00e9s inspir\u00e1l. N\u00e9ha azonban k\u00e9tes eszt\u00e9tikai \u00e9s szimmetriai megold\u00e1sokat tal\u00e1l...<\/p>\t<\/div> \n\n\t<div class=\"entry-footer\">\n\n\t\t<a href=\"https:\/\/webandgo.sk\/hu\/gyakorlati-tippek-es-peldak-az-eros-vizualis-identitas-letrehozasahoz\" class=\"read_more\">Tov\u00e1bb olvasom<\/a><div class=\"social_share\"><span class=\"ui-icon-line-share\"><span>SHARE<\/span><\/span><ul><li class=\"mail\"><a class=\"ui-icon-mail \" href=\"mailto:?body=https%3A%2F%2Fwebandgo.sk%2Fhu%2Fgyakorlati-tippek-es-peldak-az-eros-vizualis-identitas-letrehozasahoz\" title=\"Email\"><span>Email<\/span><\/a><\/li><li class=\"twitter\"><a class=\"ui-icon-twitter \" href=\"#\" data-url=\"http:\/\/twitter.com\/intent\/tweet?text=Gyakorlati+Tippek+%C3%A9s+P%C3%A9ld%C3%A1k+az+Er%C5%91s+Vizu%C3%A1lis+Identit%C3%A1s+L%C3%A9trehoz%C3%A1s%C3%A1hoz+https%3A%2F%2Fwebandgo.sk%2Fhu%2Fgyakorlati-tippek-es-peldak-az-eros-vizualis-identitas-letrehozasahoz\" title=\"X\"><span>X<\/span><\/a><\/li><li class=\"facebook\"><a class=\"ui-icon-facebook \" href=\"#\" data-url=\"http:\/\/www.facebook.com\/sharer\/sharer.php?u=https%3A%2F%2Fwebandgo.sk%2Fhu%2Fgyakorlati-tippek-es-peldak-az-eros-vizualis-identitas-letrehozasahoz&amp;title=Gyakorlati+Tippek+%C3%A9s+P%C3%A9ld%C3%A1k+az+Er%C5%91s+Vizu%C3%A1lis+Identit%C3%A1s+L%C3%A9trehoz%C3%A1s%C3%A1hoz\" title=\"Facebook\"><span>Facebook<\/span><\/a><\/li><li class=\"pinterest\"><a class=\"ui-icon-pinterest \" href=\"#\" data-url=\"http:\/\/pinterest.com\/pin\/create\/bookmarklet\/?media=https%3A%2F%2Fwebandgo.sk%2Fwp-content%2Fuploads%2F2016%2F01%2Fgyakorlati-tippek-es-peldak-az-eros-vizualis-identitas-letrehozasahoz.jpg&amp;url=https%3A%2F%2Fwebandgo.sk%2Fhu%2Fgyakorlati-tippek-es-peldak-az-eros-vizualis-identitas-letrehozasahoz&amp;is_video=false&amp;description=Gyakorlati+Tippek+%C3%A9s+P%C3%A9ld%C3%A1k+az+Er%C5%91s+Vizu%C3%A1lis+Identit%C3%A1s+L%C3%A9trehoz%C3%A1s%C3%A1hoz\" title=\"Pinterest\"><span>Pinterest<\/span><\/a><\/li><li class=\"linkedin\"><a class=\"ui-icon-linkedin \" href=\"#\" data-url=\"http:\/\/www.linkedin.com\/shareArticle?mini=true&amp;url=https%3A%2F%2Fwebandgo.sk%2Fhu%2Fgyakorlati-tippek-es-peldak-az-eros-vizualis-identitas-letrehozasahoz&amp;title=Gyakorlati+Tippek+%C3%A9s+P%C3%A9ld%C3%A1k+az+Er%C5%91s+Vizu%C3%A1lis+Identit%C3%A1s+L%C3%A9trehoz%C3%A1s%C3%A1hoz&amp;source=\" title=\"Linkedin\"><span>Linkedin<\/span><\/a><\/li><li class=\"vkontakte\"><a class=\"ui-icon-vkontakte \" href=\"#\" data-url=\"http:\/\/vkontakte.ru\/share.php?url=https%3A%2F%2Fwebandgo.sk%2Fhu%2Fgyakorlati-tippek-es-peldak-az-eros-vizualis-identitas-letrehozasahoz\" title=\"Vkontakte\"><span>Vkontakte<\/span><\/a><\/li><li class=\"whatsapp\"><a class=\"ui-icon-whatsapp \" href=\"#\" data-url=\"whatsapp:\/\/send?text=https%3A%2F%2Fwebandgo.sk%2Fhu%2Fgyakorlati-tippek-es-peldak-az-eros-vizualis-identitas-letrehozasahoz\" title=\"WhatsApp\"><span>WhatsApp<\/span><\/a><\/li><\/ul><\/div>\n\t<\/div>\n\n<!-- \/ blog box-->\n<\/div><\/article>\n<article id=\"21585\" class=\"col col-sm-4 post-21585 post type-post status-publish format-standard has-post-thumbnail hentry category-grafikai-tervezes tag-graficky-dizajn-hu tag-vektorova-grafika-hu tag-graficke-navrhy-hu tag-grafik-hu tag-graficky-navrh-letakov-hu tag-graficky-navrh-loga-hu tag-firemne-logo-hu tag-logo-hu tag-marketing-hu\"><div class=\"post-content-wrapper\">\n \n\n<!-- blog box-->\n\t\t\t\t<figure class=\"featured_image featured_media\">\n\t\t\t<a href=\"https:\/\/webandgo.sk\/hu\/hogyan-keszitsuk-ki-garantaltan-a-grafikusunkat\" title=\"Hogyan k\u00e9sz\u00edts\u00fck ki garant\u00e1ltan a grafikusunkat\" class=\"imgeffect link featured_image\"><img decoding=\"async\" src=\"https:\/\/webandgo.sk\/wp-content\/uploads\/2016\/02\/hogyan-keszitsuk-ki-garantaltan-a-grafikusunkat-480x246.jpg\" alt=\"\" class=\"\" width=\"480\" height=\"246\" \/><\/a>\t\t\n\t\t<\/figure> \n\t\t\n\t<a href=\"https:\/\/webandgo.sk\/hu\/hogyan-keszitsuk-ki-garantaltan-a-grafikusunkat\" title=\"Hogyan k\u00e9sz\u00edts\u00fck ki garant\u00e1ltan a grafikusunkat\" class=\"post-date\">2024. j\u00fanius 13.<\/a>\t\t\t\t\n\n\t<div class=\"entry-content text\">\n\n\t\t<!-- blog headline-->\n\t\t<h2 class=\"entry-title\"><a href=\"https:\/\/webandgo.sk\/hu\/hogyan-keszitsuk-ki-garantaltan-a-grafikusunkat\" rel=\"bookmark\">Hogyan k\u00e9sz\u00edts\u00fck ki garant\u00e1ltan a grafikusunkat<\/a><\/h2> \n\n\t\t\r\n\t\t<!-- meta data -->\r\n\t\t<div class=\"post_data\">\r\n\r\n\t\t\t\r\n\t\t\t\t\t\t<!-- user -->                                     \r\n\t\t\t<span class=\"user\">\r\n\t\t\tby  <a href=\"https:\/\/webandgo.sk\/hu\/author\/webmaster\/\" title=\"Web &amp; go design, s.r.o. bejegyz\u00e9se\" rel=\"author\">Web & go design, s.r.o.<\/a>\t\t\t\t\r\n\t\t\t<\/span>\r\n\r\n\t\t\t\t\t\t\t\r\n\t\t\t\t\t\t<!-- categories -->\r\n\t\t\t<span class=\"categories\">\r\n\t\t\tKateg\u00f3ria: <a href=\"https:\/\/webandgo.sk\/hu\/grafikai-tervezes\/\" rel=\"category tag\">Grafikai tervez\u00e9s<\/a>\t\t\t\t\r\n\t\t\t<\/span>\r\n\t\t\t\r\n\t\t\t\r\n\t\t\t\t\t\t\r\n\t\t<\/div><!-- \/ end div  .post_data -->\r\n\t\n\t\t<p>ami a grafikusokat az ideg\u00f6sszeoml\u00e1s sz\u00e9l\u00e9re sodorja. Ezekr\u0151l szeretn\u00e9nk p\u00e1r sz\u00f3t ejteni. K\u00e9rd meg, hogy dolgozzon ingye...<\/p>\t<\/div> \n\n\t<div class=\"entry-footer\">\n\n\t\t<a href=\"https:\/\/webandgo.sk\/hu\/hogyan-keszitsuk-ki-garantaltan-a-grafikusunkat\" class=\"read_more\">Tov\u00e1bb olvasom<\/a><div class=\"social_share\"><span class=\"ui-icon-line-share\"><span>SHARE<\/span><\/span><ul><li class=\"mail\"><a class=\"ui-icon-mail \" href=\"mailto:?body=https%3A%2F%2Fwebandgo.sk%2Fhu%2Fhogyan-keszitsuk-ki-garantaltan-a-grafikusunkat\" title=\"Email\"><span>Email<\/span><\/a><\/li><li class=\"twitter\"><a class=\"ui-icon-twitter \" href=\"#\" data-url=\"http:\/\/twitter.com\/intent\/tweet?text=Hogyan+k%C3%A9sz%C3%ADts%C3%BCk+ki+garant%C3%A1ltan+a+grafikusunkat+https%3A%2F%2Fwebandgo.sk%2Fhu%2Fhogyan-keszitsuk-ki-garantaltan-a-grafikusunkat\" title=\"X\"><span>X<\/span><\/a><\/li><li class=\"facebook\"><a class=\"ui-icon-facebook \" href=\"#\" data-url=\"http:\/\/www.facebook.com\/sharer\/sharer.php?u=https%3A%2F%2Fwebandgo.sk%2Fhu%2Fhogyan-keszitsuk-ki-garantaltan-a-grafikusunkat&amp;title=Hogyan+k%C3%A9sz%C3%ADts%C3%BCk+ki+garant%C3%A1ltan+a+grafikusunkat\" title=\"Facebook\"><span>Facebook<\/span><\/a><\/li><li class=\"pinterest\"><a class=\"ui-icon-pinterest \" href=\"#\" data-url=\"http:\/\/pinterest.com\/pin\/create\/bookmarklet\/?media=https%3A%2F%2Fwebandgo.sk%2Fwp-content%2Fuploads%2F2016%2F02%2Fhogyan-keszitsuk-ki-garantaltan-a-grafikusunkat.jpg&amp;url=https%3A%2F%2Fwebandgo.sk%2Fhu%2Fhogyan-keszitsuk-ki-garantaltan-a-grafikusunkat&amp;is_video=false&amp;description=Hogyan+k%C3%A9sz%C3%ADts%C3%BCk+ki+garant%C3%A1ltan+a+grafikusunkat\" title=\"Pinterest\"><span>Pinterest<\/span><\/a><\/li><li class=\"linkedin\"><a class=\"ui-icon-linkedin \" href=\"#\" data-url=\"http:\/\/www.linkedin.com\/shareArticle?mini=true&amp;url=https%3A%2F%2Fwebandgo.sk%2Fhu%2Fhogyan-keszitsuk-ki-garantaltan-a-grafikusunkat&amp;title=Hogyan+k%C3%A9sz%C3%ADts%C3%BCk+ki+garant%C3%A1ltan+a+grafikusunkat&amp;source=\" title=\"Linkedin\"><span>Linkedin<\/span><\/a><\/li><li class=\"vkontakte\"><a class=\"ui-icon-vkontakte \" href=\"#\" data-url=\"http:\/\/vkontakte.ru\/share.php?url=https%3A%2F%2Fwebandgo.sk%2Fhu%2Fhogyan-keszitsuk-ki-garantaltan-a-grafikusunkat\" title=\"Vkontakte\"><span>Vkontakte<\/span><\/a><\/li><li class=\"whatsapp\"><a class=\"ui-icon-whatsapp \" href=\"#\" data-url=\"whatsapp:\/\/send?text=https%3A%2F%2Fwebandgo.sk%2Fhu%2Fhogyan-keszitsuk-ki-garantaltan-a-grafikusunkat\" title=\"WhatsApp\"><span>WhatsApp<\/span><\/a><\/li><\/ul><\/div>\n\t<\/div>\n\n<!-- \/ blog box-->\n<\/div><\/article>\n<\/div>\n<\/div>\n[\/vc_column][\/vc_row]<\/p>\n","protected":false},"excerpt":{"rendered":"<p>Profesion\u00e1lne navrhnut\u00e9 logo sa stane tv\u00e1rou v\u00e1\u0161ho podnikania. Vytvorte spolu s nami vizu\u00e1lnu bud\u00facnos\u0165 v\u00e1\u0161ho biznisu.<\/p>\n","protected":false},"author":6,"featured_media":22690,"parent":6840,"menu_order":0,"comment_status":"closed","ping_status":"closed","template":"","meta":{"_stopmodifiedupdate":false,"_modified_date":"","_seopress_robots_primary_cat":"","_seopress_titles_title":"","_seopress_titles_desc":"A profin megtervezett log\u00f3 adja meg v\u00e1llalkoz\u00e1sod arculat\u00e1t.Alkosd meg velu\u0308nk v\u00e1llalkoz\u00e1sod vizu\u00e1lis j\u00f6v\u0151k\u00e9p\u00e9t.","_seopress_robots_index":"","_lmt_disableupdate":"no","_lmt_disable":"","footnotes":""},"class_list":["post-18579","page","type-page","status-publish","has-post-thumbnail","hentry"],"_links":{"self":[{"href":"https:\/\/webandgo.sk\/hu\/wp-json\/wp\/v2\/pages\/18579","targetHints":{"allow":["GET"]}}],"collection":[{"href":"https:\/\/webandgo.sk\/hu\/wp-json\/wp\/v2\/pages"}],"about":[{"href":"https:\/\/webandgo.sk\/hu\/wp-json\/wp\/v2\/types\/page"}],"author":[{"embeddable":true,"href":"https:\/\/webandgo.sk\/hu\/wp-json\/wp\/v2\/users\/6"}],"replies":[{"embeddable":true,"href":"https:\/\/webandgo.sk\/hu\/wp-json\/wp\/v2\/comments?post=18579"}],"version-history":[{"count":1,"href":"https:\/\/webandgo.sk\/hu\/wp-json\/wp\/v2\/pages\/18579\/revisions"}],"predecessor-version":[{"id":22794,"href":"https:\/\/webandgo.sk\/hu\/wp-json\/wp\/v2\/pages\/18579\/revisions\/22794"}],"up":[{"embeddable":true,"href":"https:\/\/webandgo.sk\/hu\/wp-json\/wp\/v2\/pages\/6840"}],"wp:featuredmedia":[{"embeddable":true,"href":"https:\/\/webandgo.sk\/hu\/wp-json\/wp\/v2\/media\/22690"}],"wp:attachment":[{"href":"https:\/\/webandgo.sk\/hu\/wp-json\/wp\/v2\/media?parent=18579"}],"curies":[{"name":"wp","href":"https:\/\/api.w.org\/{rel}","templated":true}]}}