{"id":21921,"date":"2018-11-15T14:23:06","date_gmt":"2018-11-15T13:23:06","guid":{"rendered":"https:\/\/webandgo.sk\/szolgaltatasaink\/sprava-wordpress-stranok\/"},"modified":"2024-08-20T08:42:17","modified_gmt":"2024-08-20T06:42:17","slug":"wordpress-oldalak-kezelese-es-mukodtetese-2","status":"publish","type":"page","link":"https:\/\/webandgo.sk\/hu\/szolgaltatasaink\/wordpress-oldalak-kezelese-es-mukodtetese-nem","title":{"rendered":"WordPress oldalak kezel\u00e9se \u00e9s m\u0171k\u00f6dtet\u00e9se del"},"content":{"rendered":"<p>[vc_row rt_row_background_width=&#8221;fullwidth&#8221; rt_row_content_width=&#8221;default&#8221; rt_row_style=&#8221;default-style&#8221; rt_row_height=&#8221;&#8221; rt_column_view=&#8221;equal_heights&#8221; rt_column_gaps=&#8221;&#8221; rt_row_shadows=&#8221;&#8221; rt_row_borders=&#8221;&#8221; rt_bg_effect=&#8221;classic&#8221; rt_bg_image_repeat=&#8221;repeat&#8221; rt_bg_size=&#8221;cover&#8221; rt_bg_position=&#8221;right top&#8221; rt_bg_attachment=&#8221;scroll&#8221; rt_bg_layer=&#8221;&#8221; rt_bg_video_format=&#8221;self-hosted&#8221; rt_class=&#8221;rt-9793052&#8243; rt_paddings=&#8221;,,,&#8221; rt_margins=&#8221;,,,&#8221; rt_content_margins=&#8221;,,,&#8221; rt_tablet_paddings=&#8221;,,,&#8221; rt_tablet_margins=&#8221;,,,&#8221; rt_tablet_content_margins=&#8221;,,,&#8221; rt_sp_paddings=&#8221;,,,&#8221; rt_sp_margins=&#8221;,,,&#8221; rt_sp_content_margins=&#8221;,,,&#8221;][vc_column width=&#8221;1\/2&#8243; rt_bg_effect=&#8221;classic&#8221; rt_bg_image_repeat=&#8221;repeat&#8221; rt_bg_size=&#8221;auto auto&#8221; rt_bg_position=&#8221;right top&#8221; rt_bg_attachment=&#8221;scroll&#8221; rt_class=&#8221;rt-3593258&#8243; class=&#8221;middle&#8221; rt_margins=&#8221;,&#8221; rt_paddings=&#8221;,,,&#8221; rt_wrapper_paddings=&#8221;,,,&#8221; rt_tablet_margins=&#8221;,&#8221; rt_tablet_paddings=&#8221;,,,&#8221; rt_tablet_wrapper_paddings=&#8221;,,,&#8221; rt_sp_margins=&#8221;,&#8221; rt_sp_paddings=&#8221;,,,&#8221; rt_sp_wrapper_paddings=&#8221;,,,&#8221; rt_bg_color=&#8221;&#8221; rt_bg_overlay_color=&#8221;&#8221;][vc_empty_space][vc_column_text]<strong>A weboldalak hossz\u00fa t\u00e1v\u00fa \u00e9s probl\u00e9mamentes m\u0171k\u00f6d\u00e9s\u00e9hez n\u00e9lk\u00fcl\u00f6zhetetlen azok rendszeres meg\u00faj\u00edt\u00e1sa, valamint karbantart\u00e1sa.<\/strong><\/p>\n<p>K\u00e9pzeld csak el, hogy aut\u00f3v\u00e1s\u00e1rl\u00e1s eset\u00e9n elhanyagoln\u00e1d a j\u00e1rm\u0171 szerviz\u00e9t, olaj- \u00e9s gumicser\u00e9j\u00e9t, STK+EK vizsg\u00e1lat\u00e1t. Vagy ha csak az els\u0151 100 km-re tankoln\u00e1l \u2013 hogyan k\u00f6zlekedn\u00e9l az aut\u00f3ddal? R\u00f6viden, az ism\u00e9tl\u0151d\u0151 karbantart\u00e1s minden j\u00f3l m\u0171k\u00f6d\u0151 \u00fczleti oldal alapja.<\/p>\n<p>A WordPress platform, amelyre jelenleg sok weboldal \u00e9p\u00fcl, id\u0151r\u0151l id\u0151re megk\u00f6veteli egy-egy \u00faj verzi\u00f3 k\u00f6telez\u0151 implement\u00e1ci\u00f3j\u00e1t a teljes\u00edtm\u00e9ny \u00e9s a biztons\u00e1gi szint fenntart\u00e1sa, vagy ak\u00e1r annak jav\u00edt\u00e1sa \u00e9rdek\u00e9ben. Ugyanilyen fontos az egyes modulok meg\u00faj\u00edt\u00e1sa. Ha nem tartod be ezeket a szab\u00e1lyokat, webhelyedet hacker t\u00e1mad\u00e1sok, v\u00edrusok \u00e9s rosszindulat\u00fa programok vesz\u00e9ly\u00e9nek teheted ki.[\/vc_column_text][\/vc_column][vc_column width=&#8221;1\/2&#8243; rt_bg_effect=&#8221;classic&#8221; rt_bg_image_repeat=&#8221;repeat&#8221; rt_bg_size=&#8221;auto auto&#8221; rt_bg_position=&#8221;right top&#8221; rt_bg_attachment=&#8221;scroll&#8221; rt_class=&#8221;rt-9482735&#8243; class=&#8221;middle&#8221; rt_margins=&#8221;,&#8221; rt_paddings=&#8221;,,,&#8221; rt_wrapper_paddings=&#8221;,,,&#8221; rt_tablet_margins=&#8221;,&#8221; rt_tablet_paddings=&#8221;,,,&#8221; rt_tablet_wrapper_paddings=&#8221;,,,&#8221; rt_sp_margins=&#8221;,&#8221; rt_sp_paddings=&#8221;,,,&#8221; rt_sp_wrapper_paddings=&#8221;,,,&#8221; rt_bg_color=&#8221;&#8221; rt_bg_overlay_color=&#8221;&#8221;][vc_single_image image=&#8221;18700&#8243; img_size=&#8221;full&#8221; alignment=&#8221;center&#8221;][\/vc_column][\/vc_row][vc_row rt_row_background_width=&#8221;fullwidth&#8221; rt_row_content_width=&#8221;default&#8221; rt_row_style=&#8221;default-style&#8221; rt_row_height=&#8221;&#8221; rt_column_gaps=&#8221;&#8221; rt_row_shadows=&#8221;&#8221; rt_row_borders=&#8221;&#8221; rt_bg_effect=&#8221;classic&#8221; rt_bg_image_repeat=&#8221;repeat&#8221; rt_bg_size=&#8221;cover&#8221; rt_bg_position=&#8221;right top&#8221; rt_bg_attachment=&#8221;scroll&#8221; rt_bg_layer=&#8221;&#8221; rt_bg_video_format=&#8221;self-hosted&#8221; rt_class=&#8221;rt-8783833&#8243; rt_paddings=&#8221;,,,&#8221; rt_margins=&#8221;,,,&#8221; rt_content_margins=&#8221;,,,&#8221; rt_tablet_paddings=&#8221;,,,&#8221; rt_tablet_margins=&#8221;,,,&#8221; rt_tablet_content_margins=&#8221;,,,&#8221; rt_sp_paddings=&#8221;,,,&#8221; rt_sp_margins=&#8221;,,,&#8221; rt_sp_content_margins=&#8221;,,,&#8221; rt_bg_color=&#8221;#f4f4f4f4&#8243;][vc_column rt_bg_effect=&#8221;classic&#8221; rt_bg_image_repeat=&#8221;repeat&#8221; rt_bg_size=&#8221;auto auto&#8221; rt_bg_position=&#8221;right top&#8221; rt_bg_attachment=&#8221;scroll&#8221;][vc_empty_space]<div class=\"rt-heading-wrapper style-2 rt-6660586\">\n\t\t\t\t\t\t<h2 class=\"rt-heading style-2\" >D\u0151lj h\u00e1tra k\u00e9nyelmesen, \u00e9s b\u00edzd r\u00e1nk weboldalad karbantart\u00e1s\u00e1t!<\/h2>\n\t\t\t\t\t<\/div>[vc_empty_space height=&#8221;12px&#8221;][vc_column_text el_class=&#8221;oszlopok&#8221;]Egyre t\u00f6bb \u00fcgyfel\u00fcnk k\u00e9r konzult\u00e1ci\u00f3t c\u00e9ges weboldal\u00e1val kapcsolatban. Ennek hat\u00e1s\u00e1ra kedvez\u0151 \u00e1r\u00fa csomagokat alak\u00edtottunk ki. A funkci\u00f3k \u00e9s tartalmak rendszeres meg\u00faj\u00edt\u00e1sa, karbantart\u00e1sa \u00e9s optimaliz\u00e1l\u00e1sa mellett \u00faj fejleszt\u00e9si \u00e9s \u00faj\u00edt\u00e1si \u00f6tleteink is vannak a sz\u00e1modra. Havi vagy heti jelent\u00e9seket is k\u00e9sz\u00edt\u00fcnk a webhely forgalm\u00e1r\u00f3l, teljes\u00edtm\u00e9ny\u00e9r\u0151l \u00e9s sebess\u00e9g\u00e9r\u0151l. A pr\u00e9mium kieg\u00e9sz\u00edt\u0151 szolg\u00e1ltat\u00e1sok a v\u00e9delmet, a biztons\u00e1got \u00e9s a bet\u00f6lt\u00e9si sebess\u00e9get n\u00f6vel\u0151 tev\u00e9kenys\u00e9geket is magukban foglalj\u00e1k.[\/vc_column_text][vc_empty_space height=&#8221;12px&#8221;][\/vc_column][\/vc_row][vc_row rt_row_background_width=&#8221;fullwidth&#8221; rt_row_content_width=&#8221;default&#8221; rt_row_style=&#8221;default-style&#8221; rt_row_height=&#8221;&#8221; rt_column_gaps=&#8221;&#8221; rt_row_shadows=&#8221;&#8221; rt_row_borders=&#8221;&#8221; rt_bg_effect=&#8221;classic&#8221; rt_bg_image_repeat=&#8221;repeat&#8221; rt_bg_size=&#8221;cover&#8221; rt_bg_position=&#8221;right top&#8221; rt_bg_attachment=&#8221;scroll&#8221; rt_bg_layer=&#8221;&#8221; rt_bg_video_format=&#8221;self-hosted&#8221;][vc_column rt_bg_effect=&#8221;classic&#8221; rt_bg_image_repeat=&#8221;repeat&#8221; rt_bg_size=&#8221;auto auto&#8221; rt_bg_position=&#8221;right top&#8221; rt_bg_attachment=&#8221;scroll&#8221;][vc_column_text]<\/p>\n<h2 style=\"text-align: center;\"><strong>V\u00e1lassz megfelel\u0151, szem\u00e9lyre szabott csomagot<\/strong><\/h2>\n<p style=\"text-align: center;\"><strong>BASIC<\/strong> \u2013 egyszer\u0171 weboldal n\u00e9h\u00e1ny aloldallal \u00e9s kapcsolatfelv\u00e9teli \u0171rlappal.<em><br \/>\n<\/em><strong>STANDARD<\/strong> \u2013 k\u00f6zepes m\u00e9ret\u0171 weboldal, t\u00f6bbnyelv\u0171 v\u00e1ltozatban. A hangs\u00faly a gyorsas\u00e1gon \u00e9s biztons\u00e1gon van.<br \/>\n<strong>PR\u00c9MIUM<\/strong> \u2013 nagyobb m\u00e9ret\u0171 weboldal, t\u00f6bbnyelv\u0171 v\u00e1ltozatban, amelyen gyakran v\u00e1ltozik, illetve aktualiz\u00e1l\u00f3dik a tartalom. Fontos a gyorsas\u00e1g \u00e9s biztons\u00e1g.<\/p>\n<p>[\/vc_column_text]<div id=\"\" class=\"pricing_table service \" data-rt-animation-group=\"group\"><div id=\"\" class=\"table_wrap  \" data-rt-animate=\"animate\" data-rt-animation-type=\"fadeInDown\"><ul>\n\t\t<li class=\"caption\">\n\t\t\t<div class=\"title\">BASIC\n\t<small>\n\t\thavonta* \n\t<\/small>\n\t<\/div>\n\t\t<\/li>\n\t\t\n\t\t<li class=\"price\">\n\t\t\t<div>\n\t\t\t\t<span>25<sup>\u20ac<\/sup><\/span>\n\t\t\t<\/div>\n\t\t<\/li>\n\t\t<p style=\"text-align: center;\"><strong>\u00c9ves fizet\u00e9s eset\u00e9n<br \/>\n2 h\u00f3nap ingyenes<\/strong><br \/>\n250 \u20ac \/ \u00e9v<\/p>\n<p style=\"text-align: center;\"><strong>Weboldal tartalomkezel\u00e9se<br \/>\n<\/strong>15 perc \/ h\u00f3nap<\/p>\n<p style=\"text-align: center;\"><strong>WordPress<br \/>\nAktualiz\u00e1ci\u00f3<\/strong><br \/>\nhavonta 1x<br \/>\n<span style=\"color: #339966;\">\u2713<\/span><\/p>\n<p style=\"text-align: center;\"><strong>B\u0151v\u00edtm\u00e9nyek<br \/>\nfriss\u00edt\u00e9se<\/strong><br \/>\nhavonta 1x<br \/>\n<span style=\"color: #339966;\">\u2713<\/span><\/p>\n<p style=\"text-align: center;\"><strong>Spam elleni v\u00e9delem<\/strong><br \/>\n<span style=\"color: #339966;\">\u2713<\/span><br \/>\n<strong>V\u00edrusv\u00e9delem<\/strong><br \/>\n<span style=\"color: #ff0000;\">\u2715<br \/>\n<\/span><strong>Weboldal gyors\u00edt\u00e1sa<\/strong><br \/>\n<span style=\"color: #ff0000;\">\u2715<br \/>\n<\/span><strong>Weboldal sebess\u00e9gtesztje<\/strong><br \/>\n<span style=\"color: #ff0000;\">\u2715<br \/>\n<\/span><strong>K\u00e9poptimaliz\u00e1l\u00e1s<\/strong><br \/>\n<span style=\"color: #ff0000;\">\u2715<br \/>\n<\/span><strong>K\u00fcls\u0151 biztons\u00e1gi ment\u00e9s<\/strong><br \/>\n<span style=\"color: #ff0000;\">\u2715<br \/>\n<\/span><strong>Folyamatos ellen\u0151rz\u00e9s<br \/>\n<\/strong><span style=\"color: #ff0000;\">\u2715<br \/>\n<\/span><strong>Havi jelent\u00e9s PDF<br \/>\n<span style=\"color: #339966;\">\u2713<\/span><br \/>\n<\/strong><\/p>\n<li class=\"start_position\"><div class=\"button_wrapper  rounded\"><a href=\"https:\/\/webandgo.sk\/hu\/kapcsolat\" target=\"_self\" title=\"\u00c9RDEKEL\" class=\"button_  black medium\"><span><span>\u00c9RDEKEL<\/span><\/span><\/a><\/div><\/li>\n<\/ul>\n<\/div><div id=\"\" class=\"table_wrap highlight \" data-rt-animate=\"animate\" data-rt-animation-type=\"fadeInDown\"><ul>\n\t\t<li class=\"caption\">\n\t\t\t<div class=\"title\">STANDARD\n\t<small>\n\t\thavonta* \n\t<\/small>\n\t<\/div>\n\t\t<\/li>\n\t\t\n\t\t<li class=\"price\">\n\t\t\t<div>\n\t\t\t\t<span>49<sup>\u20ac<\/sup><\/span>\n\t\t\t<\/div>\n\t\t<\/li>\n\t\t<p style=\"text-align: center;\"><strong>\u00c9ves fizet\u00e9s eset\u00e9n<br \/>\n2 h\u00f3nap ingyenes<\/strong><br \/>\n490 \u20ac \/ \u00e9v<\/p>\n<p style=\"text-align: center;\"><strong>Weboldal tartalomkezel\u00e9se<br \/>\n<\/strong>60 perc \/ h\u00f3nap<\/p>\n<p style=\"text-align: center;\"><strong>WordPress<br \/>\nAktualiz\u00e1ci\u00f3<\/strong><br \/>\nhavonta 2x<br \/>\n<span style=\"color: #339966;\">\u2713<\/span><\/p>\n<p style=\"text-align: center;\"><strong>B\u0151v\u00edtm\u00e9nyek<br \/>\nfriss\u00edt\u00e9se<\/strong><br \/>\nhavonta 2x<br \/>\n<span style=\"color: #339966;\">\u2713<\/span><\/p>\n<p style=\"text-align: center;\"><strong>Spam elleni v\u00e9delem<\/strong><br \/>\n<span style=\"color: #339966;\">\u2713<\/span><br \/>\n<strong>V\u00edrusv\u00e9delem<\/strong><br \/>\n<span style=\"color: #ff0000;\"><span style=\"color: #339966;\">\u2713<\/span><br \/>\n<\/span><strong>Weboldal gyors\u00edt\u00e1sa<\/strong><br \/>\n<span style=\"color: #ff0000;\"><span style=\"color: #339966;\">\u2713<\/span><br \/>\n<\/span><strong>Weboldal sebess\u00e9gtesztje<\/strong><br \/>\n<span style=\"color: #ff0000;\"><span style=\"color: #339966;\">\u2713<\/span><br \/>\n<\/span><strong>K\u00e9poptimaliz\u00e1l\u00e1s<\/strong><br \/>\n<span style=\"color: #ff0000;\">\u2715<br \/>\n<\/span><strong>K\u00fcls\u0151 biztons\u00e1gi ment\u00e9s<\/strong><br \/>\n<span style=\"color: #ff0000;\">\u2715<br \/>\n<\/span><strong>Folyamatos ellen\u0151rz\u00e9s<br \/>\n<\/strong><span style=\"color: #ff0000;\">\u2715<br \/>\n<\/span><strong>Havi jelent\u00e9s PDF<br \/>\n<span style=\"color: #339966;\">\u2713<\/span><br \/>\n<\/strong><\/p>\n<li class=\"start_position\"><div class=\"button_wrapper  rounded\"><a href=\"https:\/\/webandgo.sk\/hu\/kapcsolat\" target=\"_self\" title=\"\u00c9RDEKEL\" class=\"button_  style-1 medium\"><span><span>\u00c9RDEKEL<\/span><\/span><\/a><\/div><\/li>\n<\/ul>\n<\/div><div id=\"\" class=\"table_wrap  \" data-rt-animate=\"animate\" data-rt-animation-type=\"fadeInDown\"><ul>\n\t\t<li class=\"caption\">\n\t\t\t<div class=\"title\">PR\u00c9MIUM\n\t<small>\n\t\thavonta* \n\t<\/small>\n\t<\/div>\n\t\t<\/li>\n\t\t\n\t\t<li class=\"price\">\n\t\t\t<div>\n\t\t\t\t<span>99<sup>\u20ac<\/sup><\/span>\n\t\t\t<\/div>\n\t\t<\/li>\n\t\t<p style=\"text-align: center;\"><strong>\u00c9ves fizet\u00e9s eset\u00e9n<br \/>\n2 h\u00f3nap ingyenes<\/strong><br \/>\n990 \u20ac \/ \u00e9v<\/p>\n<p style=\"text-align: center;\"><strong>Weboldal tartalomkezel\u00e9se<br \/>\n<\/strong>120 perc \/ h\u00f3nap<\/p>\n<p style=\"text-align: center;\"><strong>WordPress<br \/>\nAktualiz\u00e1ci\u00f3<\/strong><br \/>\nhavonta 4x<br \/>\n<span style=\"color: #339966;\">\u2713<\/span><\/p>\n<p style=\"text-align: center;\"><strong>B\u0151v\u00edtm\u00e9nyek<br \/>\nfriss\u00edt\u00e9se<\/strong><br \/>\nhavonta 4x<br \/>\n<span style=\"color: #339966;\">\u2713<\/span><\/p>\n<p style=\"text-align: center;\"><strong>Spam elleni v\u00e9delem<\/strong><br \/>\n<span style=\"color: #339966;\">\u2713<\/span><br \/>\n<strong>V\u00edrusv\u00e9delem<\/strong><br \/>\n<span style=\"color: #ff0000;\"><strong><span style=\"color: #339966;\">\u2713<\/span><\/strong><br \/>\n<\/span><strong>Weboldal gyors\u00edt\u00e1sa<\/strong><br \/>\n<span style=\"color: #ff0000;\"><strong><span style=\"color: #339966;\">\u2713<\/span><\/strong><br \/>\n<\/span><strong>Weboldal sebess\u00e9gtesztje<\/strong><br \/>\n<span style=\"color: #ff0000;\"><strong><span style=\"color: #339966;\">\u2713<\/span><\/strong><br \/>\n<\/span><strong>K\u00e9poptimaliz\u00e1l\u00e1s<\/strong><br \/>\n<span style=\"color: #ff0000;\"><strong><span style=\"color: #339966;\">\u2713<\/span><\/strong><br \/>\n<\/span><strong>K\u00fcls\u0151 biztons\u00e1gi ment\u00e9s<br \/>\n<span style=\"color: #339966;\">\u2713<br \/>\n<\/span><\/strong><strong>Folyamatos ellen\u0151rz\u00e9s<br \/>\n<\/strong><span style=\"color: #ff0000;\"><strong><span style=\"color: #339966;\">\u2713<br \/>\n<\/span><\/strong><\/span><strong>Havi jelent\u00e9s PDF<br \/>\n<span style=\"color: #339966;\">\u2713<\/span><br \/>\n<\/strong><\/p>\n<li class=\"start_position\"><div class=\"button_wrapper  rounded\"><a href=\"https:\/\/webandgo.sk\/hu\/kapcsolat\" target=\"_self\" title=\"\u00c9RDEKEL\" class=\"button_  black medium\"><span><span>\u00c9RDEKEL<\/span><\/span><\/a><\/div><\/li>\n<\/ul>\n<\/div><\/div>[vc_empty_space][vc_empty_space][vc_column_text]<\/p>\n<p style=\"text-align: center;\"><em>*a csomag minim\u00e1lis el\u0151fizet\u00e9si ideje 12 h\u00f3nap.<br \/>\nAz \u00f6sszes felt\u00fcntetett \u00e1r \u00c1FA n\u00e9lk\u00fcl tal\u00e1lhat\u00f3.<\/em><\/p>\n<p>[\/vc_column_text][vc_column_text]<\/p>\n<h2 class=\"LC20lb\"><strong>Gyakori k\u00e9rd\u00e9sek<\/strong><\/h2>\n<p>[\/vc_column_text]<div  class=\"rt-toggle  icons\"><ol><li  class=\"\"><div class=\"toggle-head\"><div class=\"toggle-title\"><span class=\"icon-help-circled\"><\/span>K\u00f6telez\u0151 el\u0151fizetni a weboldal karbantart\u00e1si csomagra?<\/div><\/div><div class=\"toggle-content\"><p>Nem. A d\u00f6nt\u00e9s rajtad m\u00falik.<\/p>\n<\/div><\/li><li  class=\"\"><div class=\"toggle-head\"><div class=\"toggle-title\"><span class=\"icon-help-circled\"><\/span>Mit tartalmaz a weboldal adminisztr\u00e1ci\u00f3ja?<\/div><\/div><div class=\"toggle-content\"><p>A professzion\u00e1lis m\u0171k\u00f6dtet\u00e9s \u00e9s karbantart\u00e1s mag\u00e1ban foglalja a WordPress verzi\u00f3 rendszeres friss\u00edt\u00e9s\u00e9t, bele\u00e9rtve az egyes modulokat is. \u00cdgy egy nagyon pontos k\u00e9pet kaphatsz a l\u00e1togatotts\u00e1g m\u00e9rt\u00e9k\u00e9r\u0151l, valamint a weboldal biztons\u00e1g\u00e1nak m\u00e9rt\u00e9k\u00e9r\u0151l.<\/p>\n<\/div><\/li><li  class=\"\"><div class=\"toggle-head\"><div class=\"toggle-title\"><span class=\"icon-help-circled\"><\/span>Mi\u00e9rt \u00e9rdemes tov\u00e1bb foglalkozni egy webhellyel, ami m\u00e1r k\u00e9sz van?<\/div><\/div><div class=\"toggle-content\"><p>Els\u0151sorban az\u00e9rt, hogy probl\u00e9mamentesen m\u0171k\u00f6dj\u00f6n, illetve hogy a m\u0171k\u00f6dtet\u00e9se biztons\u00e1gos legyen. Szint\u00e9n j\u00f3 tudni, hogy mindig van l\u00e9tjogosults\u00e1ga az egyes funkci\u00f3k jav\u00edt\u00e1s\u00e1nak, tartalmak \u00faj\u00edt\u00e1s\u00e1nak, \u00faj term\u00e9kek \u00e9s szolg\u00e1ltat\u00e1sok hozz\u00e1ad\u00e1s\u00e1nak. Az a weboldal amely folyamatosan friss\u00edtve van, mindig aktu\u00e1lis inform\u00e1ci\u00f3kat tartalmaz, a felhaszn\u00e1l\u00f3k szeme el\u0151tt van \u00e9s a Google szempontj\u00e1b\u00f3l is hitelesebbnek sz\u00e1m\u00edt.<\/p>\n<\/div><\/li><li  class=\"\"><div class=\"toggle-head\"><div class=\"toggle-title\"><span class=\"icon-help-circled\"><\/span>Garant\u00e1lja a csomag el\u0151fizet\u00e9se a webhelyem abszol\u00fat v\u00e9delm\u00e9t?<\/div><\/div><div class=\"toggle-content\"><p>Ahogy az \u00e9letben semmire sincs garancia, \u00edgy mi sem tudjuk weboldalad 100% v\u00e9delm\u00e9t garant\u00e1lni. A mi csomagjaink maxim\u00e1lis v\u00e9delm\u00e9nek seg\u00edts\u00e9g\u00e9vel ugyanakkor minimumra cs\u00f6kkenthet\u0151 a rizik\u00f3.<\/p>\n<\/div><\/li><li  class=\"\"><div class=\"toggle-head\"><div class=\"toggle-title\"><span class=\"icon-help-circled\"><\/span>Mi t\u00f6rt\u00e9nik, ha a weboldalamat m\u00e9gis megt\u00e1madja egy hacker? Ki a felel\u0151s? \u00c9s mit a teend\u0151 ilyen helyzetben?<\/div><\/div><div class=\"toggle-content\"><p>Az ilyen esetekben a lehet\u0151 leggyorsabb els\u0151seg\u00e9lyt ny\u00fajtjuk. Az \u00e1rakat a k\u00e1rok m\u00e9rt\u00e9k\u00e9t\u0151l, illetve kiterjed\u00e9s\u00e9t\u0151l f\u00fcgg\u0151en hat\u00e1rozzuk meg, valamint a k\u00e1rok helyre\u00e1ll\u00edt\u00e1s\u00e1t ig\u00e9nybevev\u0151 id\u0151r\u00e1ford\u00edt\u00e1s f\u00fcggv\u00e9ny\u00e9ben.<\/p>\n<\/div><\/li><li  class=\"\"><div class=\"toggle-head\"><div class=\"toggle-title\"><span class=\"icon-help-circled\"><\/span>Minden esetben kisz\u00e1ml\u00e1zz\u00e1tok a jav\u00edt\u00e1s vagy webhely be\u00e1ll\u00edt\u00e1s\u00e1nak k\u00f6lts\u00e9geit?<\/div><\/div><div class=\"toggle-content\"><p>Nem. Az esetek t\u00f6bbs\u00e9g\u00e9ben a webszolg\u00e1ltat\u00f3k biztons\u00e1gi elemeket is k\u00e9sz\u00edtenek, amelyek egy kattint\u00e1ssal aktiv\u00e1lhat\u00f3ak. R\u00e1ad\u00e1sul a rendszeres ellen\u0151rz\u00e9seknek, illetve a weboldal optimaliz\u00e1l\u00e1s\u00e1nak k\u00f6sz\u00f6nhet\u0151en az ilyen t\u00e1mad\u00e1sokat \u00e9s fenyeget\u0151 vesz\u00e9lyeket nagyon gyorsan felismerj\u00fck \u00e9s megakad\u00e1lyozzuk tov\u00e1bbi terjed\u00e9s\u00fcket.<\/p>\n<\/div><\/li><li  class=\"\"><div class=\"toggle-head\"><div class=\"toggle-title\"><span class=\"icon-help-circled\"><\/span>Lehets\u00e9ges az egyes csomagok szem\u00e9lyre szabott \u00f6ssze\u00e1ll\u00edt\u00e1sa?<\/div><\/div><div class=\"toggle-content\"><p>Term\u00e9szetesen! Minden csomagot a Te ig\u00e9nyeihez tudjuk alak\u00edtani.<\/p>\n<\/div><\/li><li  class=\"\"><div class=\"toggle-head\"><div class=\"toggle-title\"><span class=\"icon-help-circled\"><\/span>A csomagok \u00e1ra garant\u00e1lt?<\/div><\/div><div class=\"toggle-content\"><p>Igen. A tov\u00e1bbi egy\u00e9ni k\u00f6lts\u00e9geket mindig k\u00f6lcs\u00f6n\u00f6s megegyez\u00e9s alapj\u00e1n sz\u00e1ml\u00e1zzuk ki.<\/p>\n<\/div><\/li><\/ol><\/div>[\/vc_column][\/vc_row][vc_row rt_row_background_width=&#8221;fullwidth&#8221; rt_row_content_width=&#8221;default&#8221; rt_row_style=&#8221;default-style&#8221; rt_row_height=&#8221;&#8221; rt_column_placement=&#8221;middle&#8221; rt_column_view=&#8221;equal_heights&#8221; rt_column_gaps=&#8221;&#8221; rt_row_shadows=&#8221;&#8221; rt_row_borders=&#8221;&#8221; rt_bg_effect=&#8221;classic&#8221; rt_bg_image_repeat=&#8221;repeat&#8221; rt_bg_size=&#8221;cover&#8221; rt_bg_position=&#8221;right top&#8221; rt_bg_attachment=&#8221;scroll&#8221; rt_bg_layer=&#8221;&#8221; rt_bg_video_format=&#8221;self-hosted&#8221; rt_row_paddings=&#8221;true&#8221; rt_padding_top=&#8221;80&#8243; rt_padding_bottom=&#8221;80&#8243; rt_class=&#8221;rt-8630827&#8243; rt_paddings=&#8221;40px,40px,,&#8221; rt_margins=&#8221;,,,&#8221; rt_content_margins=&#8221;,,,&#8221; rt_tablet_paddings=&#8221;,,,&#8221; rt_tablet_margins=&#8221;,,,&#8221; rt_tablet_content_margins=&#8221;,,,&#8221; rt_sp_paddings=&#8221;,,,&#8221; rt_sp_margins=&#8221;,,,&#8221; rt_sp_content_margins=&#8221;,,,&#8221; rt_bg_color=&#8221;#f4f4f4&#8243;][vc_column tablet_align=&#8221;center&#8221; mobile_align=&#8221;center&#8221; rt_bg_effect=&#8221;classic&#8221; rt_bg_image_repeat=&#8221;repeat&#8221; rt_bg_size=&#8221;auto auto&#8221; rt_bg_position=&#8221;right top&#8221; rt_bg_attachment=&#8221;scroll&#8221; rt_col_paddings=&#8221;true&#8221; rt_wrp_col_paddings=&#8221;false&#8221; rt_class=&#8221;rt-7814233&#8243; rt_margins=&#8221;,&#8221; rt_paddings=&#8221;20px,20px,,&#8221; rt_wrapper_paddings=&#8221;,,,&#8221; rt_tablet_margins=&#8221;,&#8221; rt_tablet_paddings=&#8221;,,,&#8221; rt_tablet_wrapper_paddings=&#8221;,,,&#8221; rt_sp_margins=&#8221;,&#8221; rt_sp_paddings=&#8221;,,,&#8221; rt_sp_wrapper_paddings=&#8221;,,,&#8221; rt_bg_color=&#8221;&#8221; rt_bg_overlay_color=&#8221;&#8221; offset=&#8221;vc_col-md-8&#8243;]<div class=\"rt-heading-wrapper style-5 rt-1845937\">\n\t\t\t\t\t\t<h3 class=\"rt-heading style-5\" >Gyors \u00e9s hat\u00e9kony webhelyet szeretn\u00e9l WordPrres-ben?<\/h3>\n\t\t\t\t\t<\/div>[\/vc_column][vc_column text_align=&#8221;right&#8221; tablet_align=&#8221;center&#8221; mobile_align=&#8221;center&#8221; rt_bg_effect=&#8221;classic&#8221; rt_bg_image_repeat=&#8221;repeat&#8221; rt_bg_size=&#8221;auto auto&#8221; rt_bg_position=&#8221;right top&#8221; rt_bg_attachment=&#8221;scroll&#8221; rt_class=&#8221;rt-9731911&#8243; rt_margins=&#8221;,&#8221; rt_paddings=&#8221;20px,20px,,&#8221; rt_wrapper_paddings=&#8221;,,,&#8221; rt_tablet_margins=&#8221;,&#8221; rt_tablet_paddings=&#8221;,,,&#8221; rt_tablet_wrapper_paddings=&#8221;,,,&#8221; rt_sp_margins=&#8221;,&#8221; rt_sp_paddings=&#8221;,,,&#8221; rt_sp_wrapper_paddings=&#8221;,,,&#8221; rt_bg_color=&#8221;&#8221; rt_bg_overlay_color=&#8221;&#8221; offset=&#8221;vc_col-md-4&#8243;]<div class=\"button_wrapper  rounded\"><a href=\"https:\/\/webandgo.sk\/hu\/kapcsolat\" target=\"_self\" title=\"Keress minket\" class=\"button_  heading-font style-1 big rt-7187838\"><span><span>Keress minket<\/span><\/span><\/a><\/div>[\/vc_column][\/vc_row]<\/p>\n","protected":false},"excerpt":{"rendered":"<p>A weboldalak hossz\u00fa t\u00e1v\u00fa \u00e9s probl\u00e9mamentes m\u0171k\u00f6d\u00e9s\u00e9hez n\u00e9lk\u00fcl\u00f6zhetetlen azok rendszeres meg\u00faj\u00edt\u00e1sa, valamint karbantart\u00e1sa.<\/p>\n","protected":false},"author":6,"featured_media":0,"parent":6838,"menu_order":0,"comment_status":"closed","ping_status":"closed","template":"","meta":{"_stopmodifiedupdate":false,"_modified_date":"","_seopress_robots_primary_cat":"0","_seopress_titles_title":"","_seopress_titles_desc":"A weboldalak hossz\u00fa t\u00e1v\u00fa \u00e9s probl\u00e9mamentes m\u0171k\u00f6d\u00e9s\u00e9hez n\u00e9lk\u00fcl\u00f6zhetetlen azok rendszeres meg\u00faj\u00edt\u00e1sa, valamint karbantart\u00e1sa.","_seopress_robots_index":"","_lmt_disableupdate":"no","_lmt_disable":"","footnotes":""},"class_list":["post-21921","page","type-page","status-publish","hentry"],"_links":{"self":[{"href":"https:\/\/webandgo.sk\/hu\/wp-json\/wp\/v2\/pages\/21921","targetHints":{"allow":["GET"]}}],"collection":[{"href":"https:\/\/webandgo.sk\/hu\/wp-json\/wp\/v2\/pages"}],"about":[{"href":"https:\/\/webandgo.sk\/hu\/wp-json\/wp\/v2\/types\/page"}],"author":[{"embeddable":true,"href":"https:\/\/webandgo.sk\/hu\/wp-json\/wp\/v2\/users\/6"}],"replies":[{"embeddable":true,"href":"https:\/\/webandgo.sk\/hu\/wp-json\/wp\/v2\/comments?post=21921"}],"version-history":[{"count":3,"href":"https:\/\/webandgo.sk\/hu\/wp-json\/wp\/v2\/pages\/21921\/revisions"}],"predecessor-version":[{"id":21936,"href":"https:\/\/webandgo.sk\/hu\/wp-json\/wp\/v2\/pages\/21921\/revisions\/21936"}],"up":[{"embeddable":true,"href":"https:\/\/webandgo.sk\/hu\/wp-json\/wp\/v2\/pages\/6838"}],"wp:attachment":[{"href":"https:\/\/webandgo.sk\/hu\/wp-json\/wp\/v2\/media?parent=21921"}],"curies":[{"name":"wp","href":"https:\/\/api.w.org\/{rel}","templated":true}]}}