{"id":6838,"date":"2014-09-12T14:15:27","date_gmt":"2014-09-12T12:15:27","guid":{"rendered":"http:\/\/webandgo.sk?page_id=6838"},"modified":"2020-10-26T14:55:53","modified_gmt":"2020-10-26T13:55:53","slug":"szolgaltatasaink","status":"publish","type":"page","link":"https:\/\/webandgo.sk\/hu\/szolgaltatasaink\/","title":{"rendered":"Szolg\u00e1ltat\u00e1saink"},"content":{"rendered":"<p>[vc_row rt_row_background_width=&#8221;fullwidth&#8221; rt_row_content_width=&#8221;default&#8221; rt_row_style=&#8221;default-style&#8221; rt_row_height=&#8221;&#8221; rt_column_gaps=&#8221;&#8221; rt_row_shadows=&#8221;&#8221; rt_row_borders=&#8221;&#8221; rt_bg_effect=&#8221;classic&#8221; rt_bg_image_repeat=&#8221;repeat&#8221; rt_bg_size=&#8221;cover&#8221; rt_bg_position=&#8221;right top&#8221; rt_bg_attachment=&#8221;scroll&#8221; rt_bg_layer=&#8221;&#8221; rt_bg_video_format=&#8221;self-hosted&#8221; rt_class=&#8221;rt-4721344&#8243; rt_paddings=&#8221;0,0,,&#8221; rt_margins=&#8221;,,,&#8221; rt_content_margins=&#8221;,,,&#8221; rt_tablet_paddings=&#8221;,,,&#8221; rt_tablet_margins=&#8221;,,,&#8221; rt_tablet_content_margins=&#8221;,,,&#8221; rt_sp_paddings=&#8221;,,,&#8221; rt_sp_margins=&#8221;,,,&#8221; rt_sp_content_margins=&#8221;,,,&#8221;][vc_column rt_bg_effect=&#8221;classic&#8221; rt_bg_image_repeat=&#8221;repeat&#8221; rt_bg_size=&#8221;auto auto&#8221; rt_bg_position=&#8221;right top&#8221; rt_bg_attachment=&#8221;scroll&#8221;][vc_empty_space][\/vc_column][\/vc_row][vc_row rt_row_background_width=&#8221;fullwidth&#8221; rt_row_content_width=&#8221;default&#8221; rt_row_style=&#8221;default-style&#8221; rt_row_height=&#8221;&#8221; rt_column_view=&#8221;equal_heights&#8221; rt_column_gaps=&#8221;&#8221; rt_row_shadows=&#8221;&#8221; rt_row_borders=&#8221;bottom&#8221; rt_row_border_width=&#8221;default&#8221; rt_bg_effect=&#8221;classic&#8221; rt_bg_image_repeat=&#8221;repeat&#8221; rt_bg_size=&#8221;cover&#8221; rt_bg_position=&#8221;right top&#8221; rt_bg_attachment=&#8221;scroll&#8221; rt_bg_layer=&#8221;&#8221; rt_bg_video_format=&#8221;self-hosted&#8221; rt_class=&#8221;rt-9750062&#8243; rt_paddings=&#8221;,,,&#8221; rt_margins=&#8221;,,,&#8221; rt_content_margins=&#8221;,,,&#8221; rt_tablet_paddings=&#8221;,,,&#8221; rt_tablet_margins=&#8221;,,,&#8221; rt_tablet_content_margins=&#8221;,,,&#8221; rt_sp_paddings=&#8221;,,,&#8221; rt_sp_margins=&#8221;,,,&#8221; rt_sp_content_margins=&#8221;,,,&#8221; class=&#8221;sluzby-first-row&#8221;][vc_column width=&#8221;1\/4&#8243; rt_border_right=&#8221;true&#8221; rt_bg_effect=&#8221;classic&#8221; rt_bg_image_repeat=&#8221;repeat&#8221; rt_bg_size=&#8221;auto auto&#8221; rt_bg_position=&#8221;right top&#8221; rt_bg_attachment=&#8221;scroll&#8221; rt_class=&#8221;rt-5696930&#8243; rt_margins=&#8221;,&#8221; rt_paddings=&#8221;,,,&#8221; rt_wrapper_paddings=&#8221;,,,&#8221; rt_tablet_margins=&#8221;,50px&#8221; rt_tablet_paddings=&#8221;,,,&#8221; rt_tablet_wrapper_paddings=&#8221;,,,&#8221; rt_sp_margins=&#8221;,50px&#8221; rt_sp_paddings=&#8221;,,,&#8221; rt_sp_wrapper_paddings=&#8221;,,,&#8221; rt_bg_color=&#8221;&#8221; rt_bg_overlay_color=&#8221;&#8221;][vc_single_image image=&#8221;15892&#8243; img_size=&#8221;full&#8221; alignment=&#8221;center&#8221; el_class=&#8221;serviceicons&#8221;]<article  class=\"icon-content-box icon-pos-top icon-style-6\"><div class=\"icon-holder\"><a href=\"https:\/\/webandgo.sk\/hu\/szolgaltatasaink\/ceges-weboldalak-keszitese\" title=\"Tov\u00e1bb\" target=\"_self\"><\/a><\/div><div class=\"text-holder\">\n\t<h6 class=\"heading\">\n\t\t<a href=\"https:\/\/webandgo.sk\/hu\/szolgaltatasaink\/ceges-weboldalak-keszitese\" title=\"C\u00e9ges weboldalak k\u00e9sz\u00edt\u00e9se\" target=\"_self\">\n\t\t\tC\u00e9ges weboldalak k\u00e9sz\u00edt\u00e9se\n\t\t<\/a>\n\t<\/h6> <p class=\"aligncenter\">Weblap k\u00e9sz\u00edt\u00e9s elcs\u00e9pelt megold\u00e1sok helyett egyedi ig\u00e9nyekre f\u00f3kusz\u00e1lva. WordPress-alap\u00fa weboldal k\u00e9sz\u00edt\u00e9s t\u00f6bb \u00e9ves tapasztalattal, szem\u00e9lyre szabott \u00e1rakkal.<\/p>\n<a class=\"read_more centered\" href=\"https:\/\/webandgo.sk\/hu\/szolgaltatasaink\/ceges-weboldalak-keszitese\" title=\"Tov\u00e1bb\" target=\"_self\">Tov\u00e1bb<\/a><\/div><\/article>[\/vc_column][vc_column width=&#8221;1\/4&#8243; rt_border_right=&#8221;true&#8221; rt_bg_effect=&#8221;classic&#8221; rt_bg_image_repeat=&#8221;repeat&#8221; rt_bg_size=&#8221;auto auto&#8221; rt_bg_position=&#8221;right top&#8221; rt_bg_attachment=&#8221;scroll&#8221; rt_class=&#8221;rt-9368561&#8243; rt_margins=&#8221;,&#8221; rt_paddings=&#8221;,,,&#8221; rt_wrapper_paddings=&#8221;,,,&#8221; rt_tablet_margins=&#8221;,50px&#8221; rt_tablet_paddings=&#8221;,,,&#8221; rt_tablet_wrapper_paddings=&#8221;,,,&#8221; rt_sp_margins=&#8221;,50px&#8221; rt_sp_paddings=&#8221;,,,&#8221; rt_sp_wrapper_paddings=&#8221;,,,&#8221; rt_bg_color=&#8221;&#8221; rt_bg_overlay_color=&#8221;&#8221;][vc_single_image image=&#8221;15877&#8243; img_size=&#8221;full&#8221; alignment=&#8221;center&#8221; el_class=&#8221;serviceicons&#8221;]<article  class=\"icon-content-box icon-pos-top icon-style-6\"><div class=\"icon-holder\"><a href=\"https:\/\/webandgo.sk\/hu\/szolgaltatasaink\/automatricazas\" title=\"Tov\u00e1bb\" target=\"_self\"><\/a><\/div><div class=\"text-holder\">\n\t<h6 class=\"heading\">\n\t\t<a href=\"https:\/\/webandgo.sk\/hu\/szolgaltatasaink\/automatricazas\" title=\"Aut\u00f3matric\u00e1z\u00e1s\" target=\"_self\">\n\t\t\tAut\u00f3matric\u00e1z\u00e1s\n\t\t<\/a>\n\t<\/h6> <p class=\"aligncenter\">Tart\u00f3s \u00e9s figyelemfelkelt\u0151 aut\u00f3matrica. Az aut\u00f3d mindig veled van, haszn\u00e1ld ki a legjobban a v\u00e1llalkoz\u00e1sod c\u00e9lj\u00e1ra. Aut\u00f3f\u00f3li\u00e1z\u00e1s = folyamatos, mozg\u00f3 rekl\u00e1m.<\/p>\n<a class=\"read_more centered\" href=\"https:\/\/webandgo.sk\/hu\/szolgaltatasaink\/automatricazas\" title=\"Tov\u00e1bb\" target=\"_self\">Tov\u00e1bb<\/a><\/div><\/article>[\/vc_column][vc_column width=&#8221;1\/4&#8243; rt_border_right=&#8221;true&#8221; rt_bg_effect=&#8221;classic&#8221; rt_bg_image_repeat=&#8221;repeat&#8221; rt_bg_size=&#8221;auto auto&#8221; rt_bg_position=&#8221;right top&#8221; rt_bg_attachment=&#8221;scroll&#8221; rt_class=&#8221;rt-2165374&#8243; rt_margins=&#8221;,&#8221; rt_paddings=&#8221;,,,&#8221; rt_wrapper_paddings=&#8221;,,,&#8221; rt_tablet_margins=&#8221;,50px&#8221; rt_tablet_paddings=&#8221;,,,&#8221; rt_tablet_wrapper_paddings=&#8221;,,,&#8221; rt_sp_margins=&#8221;,50px&#8221; rt_sp_paddings=&#8221;,,,&#8221; rt_sp_wrapper_paddings=&#8221;,,,&#8221; rt_bg_color=&#8221;&#8221; rt_bg_overlay_color=&#8221;&#8221;][vc_single_image image=&#8221;15880&#8243; img_size=&#8221;full&#8221; alignment=&#8221;center&#8221; el_class=&#8221;serviceicons&#8221;]<article  class=\"icon-content-box icon-pos-top icon-style-6\"><div class=\"icon-holder\"><a href=\"https:\/\/webandgo.sk\/hu\/szolgaltatasaink\/kirakat-matricazas\" title=\"Tov\u00e1bb\" target=\"_self\"><\/a><\/div><div class=\"text-holder\">\n\t<h6 class=\"heading\">\n\t\t<a href=\"https:\/\/webandgo.sk\/hu\/szolgaltatasaink\/kirakat-matricazas\" title=\"Kirakat matric\u00e1z\u00e1s\" target=\"_self\">\n\t\t\tKirakat matric\u00e1z\u00e1s\n\t\t<\/a>\n\t<\/h6> <p class=\"aligncenter\">Matrica k\u00e9sz\u00edt\u00e9s az egyedi megjelen\u00e9s\u00e9rt \u00e9s maradand\u00f3 benyom\u00e1s\u00e9rt. T\u00f6bbf\u00e9le \u00f6ntapad\u00f3s f\u00f3lia grafikai tervez\u00e9st\u0151l a gy\u00e1rt\u00e1son \u00e1t eg\u00e9szen a felhelyez\u00e9sig.<\/p>\n<a class=\"read_more centered\" href=\"https:\/\/webandgo.sk\/hu\/szolgaltatasaink\/kirakat-matricazas\" title=\"Tov\u00e1bb\" target=\"_self\">Tov\u00e1bb<\/a><\/div><\/article>[\/vc_column][vc_column width=&#8221;1\/4&#8243; rt_bg_effect=&#8221;classic&#8221; rt_bg_image_repeat=&#8221;repeat&#8221; rt_bg_size=&#8221;auto auto&#8221; rt_bg_position=&#8221;right top&#8221; rt_bg_attachment=&#8221;scroll&#8221; rt_class=&#8221;rt-8160889&#8243; rt_margins=&#8221;,&#8221; rt_paddings=&#8221;,,,&#8221; rt_wrapper_paddings=&#8221;,,,&#8221; rt_tablet_margins=&#8221;,50px&#8221; rt_tablet_paddings=&#8221;,,,&#8221; rt_tablet_wrapper_paddings=&#8221;,,,&#8221; rt_sp_margins=&#8221;,50px&#8221; rt_sp_paddings=&#8221;,,,&#8221; rt_sp_wrapper_paddings=&#8221;,,,&#8221; rt_bg_color=&#8221;&#8221; rt_bg_overlay_color=&#8221;&#8221;][vc_single_image image=&#8221;15874&#8243; img_size=&#8221;full&#8221; alignment=&#8221;center&#8221; el_class=&#8221;serviceicons&#8221;]<article  class=\"icon-content-box icon-pos-top icon-style-6\"><div class=\"icon-holder\"><a href=\"https:\/\/webandgo.sk\/hu\/szolgaltatasaink\/3d-logok-es-betuk\" title=\"Tov\u00e1bb\" target=\"_self\"><\/a><\/div><div class=\"text-holder\">\n\t<h6 class=\"heading\">\n\t\t<a href=\"https:\/\/webandgo.sk\/hu\/szolgaltatasaink\/3d-logok-es-betuk\" title=\"3D log\u00f3k \u00e9s bet\u0171k\" target=\"_self\">\n\t\t\t3D log\u00f3k \u00e9s bet\u0171k\n\t\t<\/a>\n\t<\/h6> <p class=\"aligncenter\">K\u00e9zzel festett 3D felirat k\u00fcl- \u00e9s belt\u00e9rre, tervez\u00e9st\u0151l eg\u00e9szen a szerel\u00e9sig. Virtu\u00e1lis modell\u00fcnk\u00f6n m\u00e1r a gy\u00e1rt\u00e1s el\u0151tt l\u00e1thatod, hogyan n\u00e9z majd ki.<\/p>\n<a class=\"read_more centered\" href=\"https:\/\/webandgo.sk\/hu\/szolgaltatasaink\/3d-logok-es-betuk\" title=\"Tov\u00e1bb\" target=\"_self\">Tov\u00e1bb<\/a><\/div><\/article>[\/vc_column][\/vc_row][vc_row rt_row_background_width=&#8221;fullwidth&#8221; rt_row_content_width=&#8221;default&#8221; rt_row_style=&#8221;default-style&#8221; rt_row_height=&#8221;&#8221; rt_column_view=&#8221;equal_heights&#8221; rt_column_gaps=&#8221;&#8221; rt_row_shadows=&#8221;&#8221; rt_row_borders=&#8221;bottom&#8221; rt_row_border_width=&#8221;default&#8221; rt_bg_effect=&#8221;classic&#8221; rt_bg_image_repeat=&#8221;repeat&#8221; rt_bg_size=&#8221;cover&#8221; rt_bg_position=&#8221;right top&#8221; rt_bg_attachment=&#8221;scroll&#8221; rt_bg_layer=&#8221;&#8221; rt_bg_video_format=&#8221;self-hosted&#8221; rt_class=&#8221;rt-9170754&#8243; rt_paddings=&#8221;,,,&#8221; rt_margins=&#8221;,,,&#8221; rt_content_margins=&#8221;,,,&#8221; rt_tablet_paddings=&#8221;,,,&#8221; rt_tablet_margins=&#8221;,,,&#8221; rt_tablet_content_margins=&#8221;,,,&#8221; rt_sp_paddings=&#8221;,,,&#8221; rt_sp_margins=&#8221;,,,&#8221; rt_sp_content_margins=&#8221;,,,&#8221; class=&#8221;sluzby-second-row&#8221;][vc_column width=&#8221;1\/4&#8243; rt_border_right=&#8221;true&#8221; rt_bg_effect=&#8221;classic&#8221; rt_bg_image_repeat=&#8221;repeat&#8221; rt_bg_size=&#8221;auto auto&#8221; rt_bg_position=&#8221;right top&#8221; rt_bg_attachment=&#8221;scroll&#8221; rt_class=&#8221;rt-5696930&#8243; rt_margins=&#8221;,&#8221; rt_paddings=&#8221;,,,&#8221; rt_wrapper_paddings=&#8221;,,,&#8221; rt_tablet_margins=&#8221;,50px&#8221; rt_tablet_paddings=&#8221;,,,&#8221; rt_tablet_wrapper_paddings=&#8221;,,,&#8221; rt_sp_margins=&#8221;,50px&#8221; rt_sp_paddings=&#8221;,,,&#8221; rt_sp_wrapper_paddings=&#8221;,,,&#8221; rt_bg_color=&#8221;&#8221; rt_bg_overlay_color=&#8221;&#8221;][vc_single_image image=&#8221;15883&#8243; img_size=&#8221;full&#8221; alignment=&#8221;center&#8221; el_class=&#8221;serviceicons&#8221;]<article  class=\"icon-content-box icon-pos-top icon-style-6\"><div class=\"icon-holder\"><a href=\"https:\/\/webandgo.sk\/hu\/szolgaltatasaink\/logotervezes\" title=\"Tov\u00e1bb\" target=\"_self\"><\/a><\/div><div class=\"text-holder\">\n\t<h6 class=\"heading\">\n\t\t<a href=\"https:\/\/webandgo.sk\/hu\/szolgaltatasaink\/logotervezes\" title=\"Log\u00f3tervez\u00e9s\" target=\"_self\">\n\t\t\tLog\u00f3tervez\u00e9s\n\t\t<\/a>\n\t<\/h6> <p class=\"aligncenter\">Egyedi log\u00f3 tervez\u00e9s az eredeti \u00e9s megjegyezhet\u0151 arculat\u00e9rt. Profi log\u00f3 k\u00e9sz\u00edt\u00e9s minden sz\u00fcks\u00e9ges form\u00e1tumban! Az \u00f6tlett\u0151l a megval\u00f3s\u00edt\u00e1sig.<\/p>\n<a class=\"read_more centered\" href=\"https:\/\/webandgo.sk\/hu\/szolgaltatasaink\/logotervezes\" title=\"Tov\u00e1bb\" target=\"_self\">Tov\u00e1bb<\/a><\/div><\/article>[\/vc_column][vc_column width=&#8221;1\/4&#8243; rt_border_right=&#8221;true&#8221; rt_bg_effect=&#8221;classic&#8221; rt_bg_image_repeat=&#8221;repeat&#8221; rt_bg_size=&#8221;auto auto&#8221; rt_bg_position=&#8221;right top&#8221; rt_bg_attachment=&#8221;scroll&#8221; rt_class=&#8221;rt-9368561&#8243; rt_margins=&#8221;,&#8221; rt_paddings=&#8221;,,,&#8221; rt_wrapper_paddings=&#8221;,,,&#8221; rt_tablet_margins=&#8221;,50px&#8221; rt_tablet_paddings=&#8221;,,,&#8221; rt_tablet_wrapper_paddings=&#8221;,,,&#8221; rt_sp_margins=&#8221;,50px&#8221; rt_sp_paddings=&#8221;,,,&#8221; rt_sp_wrapper_paddings=&#8221;,,,&#8221; rt_bg_color=&#8221;&#8221; rt_bg_overlay_color=&#8221;&#8221;][vc_single_image image=&#8221;15889&#8243; img_size=&#8221;full&#8221; alignment=&#8221;center&#8221; el_class=&#8221;serviceicons&#8221;]<article  class=\"icon-content-box icon-pos-top icon-style-6\"><div class=\"icon-holder\"><a href=\"https:\/\/webandgo.sk\/hu\/szolgaltatasaink\/vilagito-reklamtabla\" title=\"Tov\u00e1bb\" target=\"_self\"><\/a><\/div><div class=\"text-holder\">\n\t<h6 class=\"heading\">\n\t\t<a href=\"https:\/\/webandgo.sk\/hu\/szolgaltatasaink\/vilagito-reklamtabla\" title=\"Vil\u00e1g\u00edt\u00f3 rekl\u00e1mt\u00e1bla\" target=\"_self\">\n\t\t\tVil\u00e1g\u00edt\u00f3 rekl\u00e1mt\u00e1bla\n\t\t<\/a>\n\t<\/h6> <p class=\"aligncenter\">Vil\u00e1g\u00edt\u00f3 rekl\u00e1mt\u00e1bla, a felvillanyoz\u00f3, karbantart\u00e1st nem ig\u00e9nyl\u0151 marketingeszk\u00f6z. Egyszer k\u00f6lts\u00e9g, rekl\u00e1moz\u00e1s a nap 24 \u00f3r\u00e1j\u00e1ban, a h\u00e9t minden napj\u00e1n.<\/p>\n<a class=\"read_more centered\" href=\"https:\/\/webandgo.sk\/hu\/szolgaltatasaink\/vilagito-reklamtabla\" title=\"Tov\u00e1bb\" target=\"_self\">Tov\u00e1bb<\/a><\/div><\/article>[\/vc_column][vc_column width=&#8221;1\/4&#8243; rt_border_right=&#8221;true&#8221; rt_bg_effect=&#8221;classic&#8221; rt_bg_image_repeat=&#8221;repeat&#8221; rt_bg_size=&#8221;auto auto&#8221; rt_bg_position=&#8221;right top&#8221; rt_bg_attachment=&#8221;scroll&#8221; rt_class=&#8221;rt-2165374&#8243; rt_margins=&#8221;,&#8221; rt_paddings=&#8221;,,,&#8221; rt_wrapper_paddings=&#8221;,,,&#8221; rt_tablet_margins=&#8221;,50px&#8221; rt_tablet_paddings=&#8221;,,,&#8221; rt_tablet_wrapper_paddings=&#8221;,,,&#8221; rt_sp_margins=&#8221;,50px&#8221; rt_sp_paddings=&#8221;,,,&#8221; rt_sp_wrapper_paddings=&#8221;,,,&#8221; rt_bg_color=&#8221;&#8221; rt_bg_overlay_color=&#8221;&#8221;][vc_single_image image=&#8221;15886&#8243; img_size=&#8221;full&#8221; alignment=&#8221;center&#8221; el_class=&#8221;serviceicons&#8221;]<article  class=\"icon-content-box icon-pos-top icon-style-6\"><div class=\"icon-holder\"><a href=\"https:\/\/webandgo.sk\/hu\/szolgaltatasaink\/reklamtablak\" title=\"Tov\u00e1bb\" target=\"_self\"><\/a><\/div><div class=\"text-holder\">\n\t<h6 class=\"heading\">\n\t\t<a href=\"https:\/\/webandgo.sk\/hu\/szolgaltatasaink\/reklamtablak\" title=\"Rekl\u00e1mt\u00e1bl\u00e1k\" target=\"_self\">\n\t\t\tRekl\u00e1mt\u00e1bl\u00e1k\n\t\t<\/a>\n\t<\/h6> <p class=\"aligncenter\">C\u00e9gt\u00e1bla \u00e9s rekl\u00e1mt\u00e1bla k\u00e9sz\u00edt\u00e9s 100%-ban az egyedi ig\u00e9nyeidre szabva, szerel\u00e9ssel \u00e9s garanci\u00e1val. Ak\u00e1r saj\u00e1t bet\u0171t\u00edpust \u00e9s formavil\u00e1got is v\u00e1laszthatsz.<\/p>\n<a class=\"read_more centered\" href=\"https:\/\/webandgo.sk\/hu\/szolgaltatasaink\/reklamtablak\" title=\"Tov\u00e1bb\" target=\"_self\">Tov\u00e1bb<\/a><\/div><\/article>[\/vc_column][vc_column width=&#8221;1\/4&#8243; rt_bg_effect=&#8221;classic&#8221; rt_bg_image_repeat=&#8221;repeat&#8221; rt_bg_size=&#8221;auto auto&#8221; rt_bg_position=&#8221;right top&#8221; rt_bg_attachment=&#8221;scroll&#8221; rt_class=&#8221;rt-8160889&#8243; rt_margins=&#8221;,&#8221; rt_paddings=&#8221;,,,&#8221; rt_wrapper_paddings=&#8221;,,,&#8221; rt_tablet_margins=&#8221;,50px&#8221; rt_tablet_paddings=&#8221;,,,&#8221; rt_tablet_wrapper_paddings=&#8221;,,,&#8221; rt_sp_margins=&#8221;,50px&#8221; rt_sp_paddings=&#8221;,,,&#8221; rt_sp_wrapper_paddings=&#8221;,,,&#8221; rt_bg_color=&#8221;&#8221; rt_bg_overlay_color=&#8221;&#8221;][vc_single_image image=&#8221;16275&#8243; img_size=&#8221;full&#8221; alignment=&#8221;center&#8221; el_class=&#8221;serviceicons&#8221;]<article  class=\"icon-content-box icon-pos-top icon-style-6\"><div class=\"icon-holder\"><a href=\"https:\/\/webandgo.sk\/hu\/szolgaltatasaink\/grafikai-munkak\" title=\"Tov\u00e1bb\" target=\"_self\"><\/a><\/div><div class=\"text-holder\">\n\t<h6 class=\"heading\">\n\t\t<a href=\"https:\/\/webandgo.sk\/hu\/szolgaltatasaink\/grafikai-munkak\" title=\"Grafikai munk\u00e1k\" target=\"_self\">\n\t\t\tGrafikai munk\u00e1k\n\t\t<\/a>\n\t<\/h6> <p class=\"aligncenter\">Egy j\u00f3 grafikai st\u00fadi\u00f3 elengedhetetlen, ha v\u00e1llalkoz\u00e1st ind\u00edtasz, ugyanis grafikai munk\u00e1kra a rekl\u00e1mok minden form\u00e1j\u00e1n\u00e1l sz\u00fcks\u00e9g van, neked pedig\u00a0 rekl\u00e1mokra van sz\u00fcks\u00e9ged<\/p>\n<a class=\"read_more centered\" href=\"https:\/\/webandgo.sk\/hu\/szolgaltatasaink\/grafikai-munkak\" title=\"Tov\u00e1bb\" target=\"_self\">Tov\u00e1bb<\/a><\/div><\/article>[\/vc_column][\/vc_row][vc_row rt_row_background_width=&#8221;fullwidth&#8221; rt_row_content_width=&#8221;default&#8221; rt_row_style=&#8221;default-style&#8221; rt_row_height=&#8221;&#8221; rt_column_gaps=&#8221;&#8221; rt_row_shadows=&#8221;&#8221; rt_row_borders=&#8221;&#8221; rt_bg_effect=&#8221;classic&#8221; rt_bg_image_repeat=&#8221;repeat&#8221; rt_bg_size=&#8221;cover&#8221; rt_bg_position=&#8221;right top&#8221; rt_bg_attachment=&#8221;scroll&#8221; rt_bg_layer=&#8221;&#8221; rt_bg_video_format=&#8221;self-hosted&#8221; rt_class=&#8221;rt-4721344&#8243; rt_paddings=&#8221;0,0,,&#8221; rt_margins=&#8221;,,,&#8221; rt_content_margins=&#8221;,,,&#8221; rt_tablet_paddings=&#8221;,,,&#8221; rt_tablet_margins=&#8221;,,,&#8221; rt_tablet_content_margins=&#8221;,,,&#8221; rt_sp_paddings=&#8221;,,,&#8221; rt_sp_margins=&#8221;,,,&#8221; rt_sp_content_margins=&#8221;,,,&#8221;][vc_column rt_bg_effect=&#8221;classic&#8221; rt_bg_image_repeat=&#8221;repeat&#8221; rt_bg_size=&#8221;auto auto&#8221; rt_bg_position=&#8221;right top&#8221; rt_bg_attachment=&#8221;scroll&#8221;][vc_empty_space][\/vc_column][\/vc_row]<\/p>\n","protected":false},"excerpt":{"rendered":"<p>[vc_row rt_row_background_width=&#8221;fullwidth&#8221; rt_row_content_width=&#8221;default&#8221; rt_row_style=&#8221;default-style&#8221; rt_row_height=&#8221;&#8221; rt_column_gaps=&#8221;&#8221; rt_row_shadows=&#8221;&#8221; rt_row_borders=&#8221;&#8221; rt_bg_effect=&#8221;classic&#8221; rt_bg_image_repeat=&#8221;repeat&#8221; rt_bg_size=&#8221;cover&#8221; rt_bg_position=&#8221;right top&#8221; rt_bg_attachment=&#8221;scroll&#8221; rt_bg_layer=&#8221;&#8221; rt_bg_video_format=&#8221;self-hosted&#8221; rt_class=&#8221;rt-4721344&#8243; rt_paddings=&#8221;0,0,,&#8221; rt_margins=&#8221;,,,&#8221; rt_content_margins=&#8221;,,,&#8221; rt_tablet_paddings=&#8221;,,,&#8221; rt_tablet_margins=&#8221;,,,&#8221; rt_tablet_content_margins=&#8221;,,,&#8221; rt_sp_paddings=&#8221;,,,&#8221; rt_sp_margins=&#8221;,,,&#8221; rt_sp_content_margins=&#8221;,,,&#8221;][vc_column rt_bg_effect=&#8221;classic&#8221; rt_bg_image_repeat=&#8221;repeat&#8221; rt_bg_size=&#8221;auto auto&#8221; rt_bg_position=&#8221;right top&#8221; rt_bg_attachment=&#8221;scroll&#8221;][vc_empty_space][\/vc_column][\/vc_row][vc_row rt_row_background_width=&#8221;fullwidth&#8221; rt_row_content_width=&#8221;default&#8221; rt_row_style=&#8221;default-style&#8221; rt_row_height=&#8221;&#8221; rt_column_view=&#8221;equal_heights&#8221; rt_column_gaps=&#8221;&#8221; rt_row_shadows=&#8221;&#8221; rt_row_borders=&#8221;bottom&#8221; rt_row_border_width=&#8221;default&#8221; rt_bg_effect=&#8221;classic&#8221; rt_bg_image_repeat=&#8221;repeat&#8221; rt_bg_size=&#8221;cover&#8221; rt_bg_position=&#8221;right top&#8221; rt_bg_attachment=&#8221;scroll&#8221; rt_bg_layer=&#8221;&#8221; rt_bg_video_format=&#8221;self-hosted&#8221; rt_class=&#8221;rt-9750062&#8243; rt_paddings=&#8221;,,,&#8221; rt_margins=&#8221;,,,&#8221; rt_content_margins=&#8221;,,,&#8221; rt_tablet_paddings=&#8221;,,,&#8221; [&hellip;]<\/p>\n","protected":false},"author":6,"featured_media":0,"parent":0,"menu_order":0,"comment_status":"closed","ping_status":"closed","template":"","meta":{"_stopmodifiedupdate":false,"_modified_date":"","_seopress_robots_primary_cat":"0","_seopress_titles_title":"","_seopress_titles_desc":"","_seopress_robots_index":"","_lmt_disableupdate":"","_lmt_disable":"","footnotes":""},"class_list":["post-6838","page","type-page","status-publish","hentry"],"_links":{"self":[{"href":"https:\/\/webandgo.sk\/hu\/wp-json\/wp\/v2\/pages\/6838","targetHints":{"allow":["GET"]}}],"collection":[{"href":"https:\/\/webandgo.sk\/hu\/wp-json\/wp\/v2\/pages"}],"about":[{"href":"https:\/\/webandgo.sk\/hu\/wp-json\/wp\/v2\/types\/page"}],"author":[{"embeddable":true,"href":"https:\/\/webandgo.sk\/hu\/wp-json\/wp\/v2\/users\/6"}],"replies":[{"embeddable":true,"href":"https:\/\/webandgo.sk\/hu\/wp-json\/wp\/v2\/comments?post=6838"}],"version-history":[{"count":0,"href":"https:\/\/webandgo.sk\/hu\/wp-json\/wp\/v2\/pages\/6838\/revisions"}],"wp:attachment":[{"href":"https:\/\/webandgo.sk\/hu\/wp-json\/wp\/v2\/media?parent=6838"}],"curies":[{"name":"wp","href":"https:\/\/api.w.org\/{rel}","templated":true}]}}