{"id":6855,"date":"2016-12-02T13:01:46","date_gmt":"2016-12-02T12:01:46","guid":{"rendered":"http:\/\/webandgo.sk?page_id=6855"},"modified":"2017-12-05T16:01:48","modified_gmt":"2017-12-05T15:01:48","slug":"reklamok-szerelese","status":"publish","type":"page","link":"https:\/\/webandgo.sk\/hu\/szolgaltatasaink\/reklamok-szerelese\/","title":{"rendered":"Rekl\u00e1mok szerel\u00e9se"},"content":{"rendered":"<h2>Tudod, hogy kell egy ponyv\u00e1t felszerelni? Megvannak a megfelel\u0151 szersz\u00e1mok, konzolok, csavarok, ahhoz hogy a t\u00e9ged k\u00e9pvisel\u0151 rekl\u00e1m \u00fagy legyen elhelyezve, hogy az ne hozzon r\u00e1d sz\u00e9gyent?<\/h2>\n<p>Megvan az \u00faj log\u00f3d \u00e9s nem tudod felszerelni? Semmi probl\u00e9ma! Megoldjuk helyetted! Hozz\u00e1 szoktunk m\u00e1r a magass\u00e1ghoz \u00e9s a vesz\u00e9lyes helyzetekhez \u00e9s nem utols\u00f3 sorban im\u00e1dunk improviz\u00e1lni. Sz\u00edvesen levessz\u00fck v\u00e1lladr\u00f3l ezt a terhet. Sz\u00e1m\u00edthatsz r\u00e1nk!<\/p>\n","protected":false},"excerpt":{"rendered":"<p>Tudod, hogy kell egy ponyv\u00e1t felszerelni? Megvannak a megfelel\u0151 szersz\u00e1mok, konzolok, csavarok, ahhoz hogy a t\u00e9ged k\u00e9pvisel\u0151 rekl\u00e1m \u00fagy legyen elhelyezve, hogy az ne hozzon r\u00e1d sz\u00e9gyent? Megvan az \u00faj log\u00f3d \u00e9s nem tudod felszerelni? Semmi probl\u00e9ma! Megoldjuk helyetted! Hozz\u00e1 szoktunk m\u00e1r a magass\u00e1ghoz \u00e9s a vesz\u00e9lyes helyzetekhez \u00e9s nem utols\u00f3 sorban im\u00e1dunk improviz\u00e1lni. Sz\u00edvesen [&hellip;]<\/p>\n","protected":false},"author":6,"featured_media":0,"parent":6838,"menu_order":0,"comment_status":"closed","ping_status":"closed","template":"","meta":{"_stopmodifiedupdate":false,"_modified_date":"","_seopress_robots_primary_cat":"0","_seopress_titles_title":"","_seopress_titles_desc":"","_seopress_robots_index":"","_lmt_disableupdate":"","_lmt_disable":"","footnotes":""},"class_list":["post-6855","page","type-page","status-publish","hentry"],"_links":{"self":[{"href":"https:\/\/webandgo.sk\/hu\/wp-json\/wp\/v2\/pages\/6855","targetHints":{"allow":["GET"]}}],"collection":[{"href":"https:\/\/webandgo.sk\/hu\/wp-json\/wp\/v2\/pages"}],"about":[{"href":"https:\/\/webandgo.sk\/hu\/wp-json\/wp\/v2\/types\/page"}],"author":[{"embeddable":true,"href":"https:\/\/webandgo.sk\/hu\/wp-json\/wp\/v2\/users\/6"}],"replies":[{"embeddable":true,"href":"https:\/\/webandgo.sk\/hu\/wp-json\/wp\/v2\/comments?post=6855"}],"version-history":[{"count":0,"href":"https:\/\/webandgo.sk\/hu\/wp-json\/wp\/v2\/pages\/6855\/revisions"}],"up":[{"embeddable":true,"href":"https:\/\/webandgo.sk\/hu\/wp-json\/wp\/v2\/pages\/6838"}],"wp:attachment":[{"href":"https:\/\/webandgo.sk\/hu\/wp-json\/wp\/v2\/media?parent=6855"}],"curies":[{"name":"wp","href":"https:\/\/api.w.org\/{rel}","templated":true}]}}