{"id":6857,"date":"2016-12-02T13:31:50","date_gmt":"2016-12-02T12:31:50","guid":{"rendered":"http:\/\/webandgo.sk?page_id=6857"},"modified":"2018-02-06T14:01:37","modified_gmt":"2018-02-06T13:01:37","slug":"szitanyomas","status":"publish","type":"page","link":"https:\/\/webandgo.sk\/hu\/szolgaltatasaink\/szitanyomas\/","title":{"rendered":"Szitanyom\u00e1s"},"content":{"rendered":"<p>[vc_row rt_row_background_width=&#8221;fullwidth&#8221; rt_row_content_width=&#8221;default&#8221; rt_row_style=&#8221;default-style&#8221; rt_row_height=&#8221;&#8221; rt_column_gaps=&#8221;&#8221; rt_row_shadows=&#8221;&#8221; rt_row_borders=&#8221;&#8221; rt_bg_effect=&#8221;classic&#8221; rt_bg_image_repeat=&#8221;repeat&#8221; rt_bg_size=&#8221;cover&#8221; rt_bg_position=&#8221;right top&#8221; rt_bg_attachment=&#8221;scroll&#8221; rt_bg_layer=&#8221;&#8221; rt_bg_video_format=&#8221;self-hosted&#8221;][vc_column rt_bg_effect=&#8221;classic&#8221; rt_bg_image_repeat=&#8221;repeat&#8221; rt_bg_size=&#8221;auto auto&#8221; rt_bg_position=&#8221;right top&#8221; rt_bg_attachment=&#8221;scroll&#8221;][vc_column_text]<\/p>\n<h2>A\u00a0szitanyom\u00e1s fogalm\u00e1t szinte mindenki ismeri, de kevesen tudj\u00e1k, hogy pontosan hogyan is m\u0171k\u00f6dik ez a\u00a0m\u00f3dszer. Az egyedi technol\u00f3gi\u00e1nak k\u00f6sz\u00f6nhet\u0151 a\u00a0t\u00f6k\u00e9letes eredm\u00e9ny.<\/h2>\n<p>Nyomtatunk p\u00f3l\u00f3kra, sapk\u00e1kra, pulcsikra, t\u00e1sk\u00e1kra \u00e9s minden nem\u0171 text\u00edli\u00e1ra. K\u00e9zzel, ig\u00e9nyesen, becs\u00fclettel, mindez garanci\u00e1ja a\u00a0hosszan tart\u00f3 \u00e9l\u00e9nk sz\u00edneknek. Ez a\u00a0folyamat nagyon r\u00e9szletes \u00e9s prec\u00edz munk\u00e1t ig\u00e9nyel, amihez nagy t\u00fcrelem \u00e9s tapasztalat sz\u00fcks\u00e9ges. Jutalmul t\u00f6k\u00e9letesen letisztult mint\u00e1t \u00e9s tart\u00f3s sz\u00edneket kapunk, amelyek ellen\u00e1lnak m\u00e9g a\u00a0gyakori mos\u00e1snak is. N\u00e1lunk m\u00e1r 10 darabt\u00f3l is rendelhetnek szitanyom\u00e1st. Zenekarok merchandise kolekci\u00f3it is sz\u00edvesen gy\u00e1rtjuk. Seg\u00edt\u00fcnk a\u00a0a\u00a0grafikai el\u0151k\u00e9sz\u00fcletekkel is.[\/vc_column_text][\/vc_column][\/vc_row]<\/p>\n","protected":false},"excerpt":{"rendered":"<p>[vc_row rt_row_background_width=&#8221;fullwidth&#8221; rt_row_content_width=&#8221;default&#8221; rt_row_style=&#8221;default-style&#8221; rt_row_height=&#8221;&#8221; rt_column_gaps=&#8221;&#8221; rt_row_shadows=&#8221;&#8221; rt_row_borders=&#8221;&#8221; rt_bg_effect=&#8221;classic&#8221; rt_bg_image_repeat=&#8221;repeat&#8221; rt_bg_size=&#8221;cover&#8221; rt_bg_position=&#8221;right top&#8221; rt_bg_attachment=&#8221;scroll&#8221; rt_bg_layer=&#8221;&#8221; rt_bg_video_format=&#8221;self-hosted&#8221;][vc_column rt_bg_effect=&#8221;classic&#8221; rt_bg_image_repeat=&#8221;repeat&#8221; rt_bg_size=&#8221;auto auto&#8221; rt_bg_position=&#8221;right top&#8221; rt_bg_attachment=&#8221;scroll&#8221;][vc_column_text] A\u00a0szitanyom\u00e1s fogalm\u00e1t szinte mindenki ismeri, de kevesen tudj\u00e1k, hogy pontosan hogyan is m\u0171k\u00f6dik ez a\u00a0m\u00f3dszer. Az egyedi technol\u00f3gi\u00e1nak k\u00f6sz\u00f6nhet\u0151 a\u00a0t\u00f6k\u00e9letes eredm\u00e9ny. Nyomtatunk p\u00f3l\u00f3kra, sapk\u00e1kra, pulcsikra, t\u00e1sk\u00e1kra \u00e9s minden nem\u0171 text\u00edli\u00e1ra. K\u00e9zzel, ig\u00e9nyesen, [&hellip;]<\/p>\n","protected":false},"author":6,"featured_media":0,"parent":6838,"menu_order":0,"comment_status":"closed","ping_status":"closed","template":"","meta":{"_stopmodifiedupdate":false,"_modified_date":"","_seopress_robots_primary_cat":"0","_seopress_titles_title":"","_seopress_titles_desc":"","_seopress_robots_index":"","_lmt_disableupdate":"","_lmt_disable":"","footnotes":""},"class_list":["post-6857","page","type-page","status-publish","hentry"],"_links":{"self":[{"href":"https:\/\/webandgo.sk\/hu\/wp-json\/wp\/v2\/pages\/6857","targetHints":{"allow":["GET"]}}],"collection":[{"href":"https:\/\/webandgo.sk\/hu\/wp-json\/wp\/v2\/pages"}],"about":[{"href":"https:\/\/webandgo.sk\/hu\/wp-json\/wp\/v2\/types\/page"}],"author":[{"embeddable":true,"href":"https:\/\/webandgo.sk\/hu\/wp-json\/wp\/v2\/users\/6"}],"replies":[{"embeddable":true,"href":"https:\/\/webandgo.sk\/hu\/wp-json\/wp\/v2\/comments?post=6857"}],"version-history":[{"count":0,"href":"https:\/\/webandgo.sk\/hu\/wp-json\/wp\/v2\/pages\/6857\/revisions"}],"up":[{"embeddable":true,"href":"https:\/\/webandgo.sk\/hu\/wp-json\/wp\/v2\/pages\/6838"}],"wp:attachment":[{"href":"https:\/\/webandgo.sk\/hu\/wp-json\/wp\/v2\/media?parent=6857"}],"curies":[{"name":"wp","href":"https:\/\/api.w.org\/{rel}","templated":true}]}}