{"id":8110,"date":"2017-06-29T05:21:27","date_gmt":"2017-06-29T05:21:27","guid":{"rendered":"http:\/\/webandgo.sk\/nas-tim\/"},"modified":"2017-12-07T13:35:48","modified_gmt":"2017-12-07T12:35:48","slug":"csapatunk","status":"publish","type":"page","link":"https:\/\/webandgo.sk\/hu\/csapatunk\/","title":{"rendered":"Csapatunk"},"content":{"rendered":"<p>[vc_row rt_row_background_width=&#8221;fullwidth&#8221; rt_row_content_width=&#8221;default&#8221; rt_row_style=&#8221;default-style&#8221; rt_row_height=&#8221;&#8221; rt_column_placement=&#8221;middle&#8221; rt_column_gaps=&#8221;&#8221; rt_row_shadows=&#8221;&#8221; rt_row_borders=&#8221;&#8221; rt_bg_effect=&#8221;classic&#8221; rt_bg_image_repeat=&#8221;repeat&#8221; rt_bg_size=&#8221;cover&#8221; rt_bg_position=&#8221;right top&#8221; rt_bg_attachment=&#8221;scroll&#8221; rt_bg_layer=&#8221;&#8221; rt_bg_video_format=&#8221;self-hosted&#8221; rt_row_paddings=&#8221;true&#8221; rt_padding_top=&#8221;0&#8243; rt_padding_bottom=&#8221;80&#8243; rt_class=&#8221;rt-6172259&#8243; rt_paddings=&#8221;80px,80px,,&#8221; rt_margins=&#8221;,,,&#8221; rt_content_margins=&#8221;,,,&#8221; rt_tablet_paddings=&#8221;,,,&#8221; rt_tablet_margins=&#8221;,,,&#8221; rt_tablet_content_margins=&#8221;,,,&#8221; rt_sp_paddings=&#8221;,,,&#8221; rt_sp_margins=&#8221;,,,&#8221; rt_sp_content_margins=&#8221;,,,&#8221; rt_bg_color=&#8221;#efefef&#8221;][vc_column rt_bg_effect=&#8221;classic&#8221; rt_bg_image_repeat=&#8221;repeat&#8221; rt_bg_size=&#8221;auto auto&#8221; rt_bg_position=&#8221;right top&#8221; rt_bg_attachment=&#8221;scroll&#8221; rt_col_paddings=&#8221;true&#8221; rt_wrp_col_paddings=&#8221;false&#8221;]<section id=\"staff-299875\" class=\"team clearfix fixed_heights rt-flex-wrapper \"><div class=\"row clearfix\"><div class=\"col col-sm-4\">\n<div id=\"8941\" class=\"loop boxed col-sm-4 post-8941 staff type-staff status-publish has-post-thumbnail hentry\">\n\n\n\t\t<div class=\"person_image\">\t\t\n\t\t<div class=\"person_image_wrapper\">\n\t\t\t\n\t\t\t\t\t\t\t<img decoding=\"async\" src=\"https:\/\/webandgo.sk\/wp-content\/uploads\/2017\/10\/webandgo-tomi-480x319.jpg\" alt=\"webandgo-tomi\" class=\"\" width=\"480\" height=\"319\" \/>\t\t\t\t\t\t\n\t\t<\/div>\n\t<\/div>\n\t\n\t<div class=\"person_data\">\n\n\t\t\t\t\t<h5 class=\"person_name\">Patonyi Tam\u00e1s<\/h5>\n\t\t\n\t\t\t\t\t<span class=\"position\">Vezet\u0151 \u2013 Gy\u00e1rt\u00e1si r\u00e9szleg<\/span>\n\t\t\n\t\t\n\t\t<div class=\"person_links_wrapper\"><ul class=\"social_media\"><li class=\"mail\"><a class=\"ui-icon-mail\" target=\"_self\" href=\"mailto:patonyi@webandgo.sk\" title=\"Email\"><span>Email<\/span><\/a><\/li><\/ul><\/div>\t\n\t<\/div> \n\t\n\t\t\t<\/div>\n<\/div>\n<div class=\"col col-sm-4\">\n<div id=\"8943\" class=\"loop boxed col-sm-4 post-8943 staff type-staff status-publish has-post-thumbnail hentry\">\n\n\n\t\t<div class=\"person_image\">\t\t\n\t\t<div class=\"person_image_wrapper\">\n\t\t\t\n\t\t\t\t\t\t\t<img decoding=\"async\" src=\"https:\/\/webandgo.sk\/wp-content\/uploads\/2017\/10\/webandgo-zoltan-480x319.jpg\" alt=\"\" class=\"\" width=\"480\" height=\"319\" \/>\t\t\t\t\t\t\n\t\t<\/div>\n\t<\/div>\n\t\n\t<div class=\"person_data\">\n\n\t\t\t\t\t<h5 class=\"person_name\">Machala Zolt\u00e1n<\/h5>\n\t\t\n\t\t\t\t\t<span class=\"position\">Vezet\u0151 \u2013 Grafikai r\u00e9szleg<\/span>\n\t\t\n\t\t\n\t\t<div class=\"person_links_wrapper\"><ul class=\"social_media\"><li class=\"mail\"><a class=\"ui-icon-mail\" target=\"_self\" href=\"mailto:machala@webandgo.sk\" title=\"Email\"><span>Email<\/span><\/a><\/li><\/ul><\/div>\t\n\t<\/div> \n\t\n\t\t\t<\/div>\n<\/div>\n<div class=\"col col-sm-4\">\n<div id=\"8949\" class=\"loop boxed col-sm-4 post-8949 staff type-staff status-publish has-post-thumbnail hentry\">\n\n\n\t\t<div class=\"person_image\">\t\t\n\t\t<div class=\"person_image_wrapper\">\n\t\t\t\n\t\t\t\t\t\t\t<img decoding=\"async\" src=\"https:\/\/webandgo.sk\/wp-content\/uploads\/2017\/10\/webandgo-tibcsi-480x319.jpg\" alt=\"\" class=\"\" width=\"480\" height=\"319\" \/>\t\t\t\t\t\t\n\t\t<\/div>\n\t<\/div>\n\t\n\t<div class=\"person_data\">\n\n\t\t\t\t\t<h5 class=\"person_name\">Andr\u00e1si Tibor<\/h5>\n\t\t\n\t\t\t\t\t<span class=\"position\">Grafikus<\/span>\n\t\t\n\t\t\n\t\t<div class=\"person_links_wrapper\"><ul class=\"social_media\"><li class=\"mail\"><a class=\"ui-icon-mail\" target=\"_self\" href=\"mailto:info@webandgo.sk\" title=\"Email\"><span>Email<\/span><\/a><\/li><\/ul><\/div>\t\n\t<\/div> \n\t\n\t\t\t<\/div>\n<\/div>\n<\/div><\/section>[\/vc_column][\/vc_row][vc_row rt_row_background_width=&#8221;fullwidth&#8221; rt_row_content_width=&#8221;default&#8221; rt_row_style=&#8221;default-style&#8221; rt_row_height=&#8221;&#8221; rt_column_placement=&#8221;middle&#8221; rt_column_view=&#8221;equal_heights&#8221; rt_column_gaps=&#8221;&#8221; rt_row_shadows=&#8221;&#8221; rt_row_borders=&#8221;&#8221; rt_bg_effect=&#8221;classic&#8221; rt_bg_image_repeat=&#8221;repeat&#8221; rt_bg_size=&#8221;cover&#8221; rt_bg_position=&#8221;right top&#8221; rt_bg_attachment=&#8221;scroll&#8221; rt_bg_layer=&#8221;&#8221; rt_bg_video_format=&#8221;self-hosted&#8221; rt_row_paddings=&#8221;true&#8221; rt_padding_top=&#8221;80&#8243; rt_padding_bottom=&#8221;80&#8243; rt_class=&#8221;rt-3171722&#8243; rt_paddings=&#8221;40px,40px,,&#8221; rt_margins=&#8221;,,,&#8221; rt_content_margins=&#8221;,,,&#8221; rt_tablet_paddings=&#8221;,,,&#8221; rt_tablet_margins=&#8221;,,,&#8221; rt_tablet_content_margins=&#8221;,,,&#8221; rt_sp_paddings=&#8221;,,,&#8221; rt_sp_margins=&#8221;,,,&#8221; rt_sp_content_margins=&#8221;,,,&#8221; rt_bg_color=&#8221;#ffffff&#8221;][vc_column tablet_align=&#8221;center&#8221; mobile_align=&#8221;center&#8221; rt_bg_effect=&#8221;classic&#8221; rt_bg_image_repeat=&#8221;repeat&#8221; rt_bg_size=&#8221;auto auto&#8221; rt_bg_position=&#8221;right top&#8221; rt_bg_attachment=&#8221;scroll&#8221; rt_col_paddings=&#8221;true&#8221; rt_wrp_col_paddings=&#8221;false&#8221; rt_class=&#8221;rt-7814233&#8243; rt_margins=&#8221;,&#8221; rt_paddings=&#8221;20px,20px,,&#8221; rt_wrapper_paddings=&#8221;,,,&#8221; rt_tablet_margins=&#8221;,&#8221; rt_tablet_paddings=&#8221;,,,&#8221; rt_tablet_wrapper_paddings=&#8221;,,,&#8221; rt_sp_margins=&#8221;,&#8221; rt_sp_paddings=&#8221;,,,&#8221; rt_sp_wrapper_paddings=&#8221;,,,&#8221; rt_bg_color=&#8221;&#8221; rt_bg_overlay_color=&#8221;&#8221; offset=&#8221;vc_col-md-8&#8243;]<div class=\"rt-heading-wrapper style-2 rt-8071076\">\n\t\t\t\t\t\t<h3 class=\"rt-heading style-2\" > Felkeltett\u00fck az \u00e9rdekl\u0151d\u00e9sed?<\/h3>\n\t\t\t\t\t<\/div>[vc_column_text]Keress minket bizalommal![\/vc_column_text][\/vc_column][vc_column text_align=&#8221;right&#8221; tablet_align=&#8221;center&#8221; mobile_align=&#8221;center&#8221; rt_bg_effect=&#8221;classic&#8221; rt_bg_image_repeat=&#8221;repeat&#8221; rt_bg_size=&#8221;auto auto&#8221; rt_bg_position=&#8221;right top&#8221; rt_bg_attachment=&#8221;scroll&#8221; rt_class=&#8221;rt-9731911&#8243; rt_margins=&#8221;,&#8221; rt_paddings=&#8221;20px,20px,,&#8221; rt_wrapper_paddings=&#8221;,,,&#8221; rt_tablet_margins=&#8221;,&#8221; rt_tablet_paddings=&#8221;,,,&#8221; rt_tablet_wrapper_paddings=&#8221;,,,&#8221; rt_sp_margins=&#8221;,&#8221; rt_sp_paddings=&#8221;,,,&#8221; rt_sp_wrapper_paddings=&#8221;,,,&#8221; rt_bg_color=&#8221;&#8221; rt_bg_overlay_color=&#8221;&#8221; offset=&#8221;vc_col-md-4&#8243;]<div class=\"button_wrapper  rounded\"><a href=\"https:\/\/webandgo.sk\/hu\/kapcsolat\/\" target=\"_self\" title=\"\u00c9rdekel\" class=\"button_  heading-font style-1 big rt-1301025\"><span><span>\u00c9rdekel<\/span><\/span><\/a><\/div>[\/vc_column][\/vc_row]<\/p>\n","protected":false},"excerpt":{"rendered":"<p>[vc_row rt_row_background_width=&#8221;fullwidth&#8221; rt_row_content_width=&#8221;default&#8221; rt_row_style=&#8221;default-style&#8221; rt_row_height=&#8221;&#8221; rt_column_placement=&#8221;middle&#8221; rt_column_gaps=&#8221;&#8221; rt_row_shadows=&#8221;&#8221; rt_row_borders=&#8221;&#8221; rt_bg_effect=&#8221;classic&#8221; rt_bg_image_repeat=&#8221;repeat&#8221; rt_bg_size=&#8221;cover&#8221; rt_bg_position=&#8221;right top&#8221; rt_bg_attachment=&#8221;scroll&#8221; rt_bg_layer=&#8221;&#8221; rt_bg_video_format=&#8221;self-hosted&#8221; rt_row_paddings=&#8221;true&#8221; rt_padding_top=&#8221;0&#8243; rt_padding_bottom=&#8221;80&#8243; rt_class=&#8221;rt-6172259&#8243; rt_paddings=&#8221;80px,80px,,&#8221; rt_margins=&#8221;,,,&#8221; rt_content_margins=&#8221;,,,&#8221; rt_tablet_paddings=&#8221;,,,&#8221; rt_tablet_margins=&#8221;,,,&#8221; rt_tablet_content_margins=&#8221;,,,&#8221; rt_sp_paddings=&#8221;,,,&#8221; rt_sp_margins=&#8221;,,,&#8221; rt_sp_content_margins=&#8221;,,,&#8221; rt_bg_color=&#8221;#efefef&#8221;][vc_column rt_bg_effect=&#8221;classic&#8221; rt_bg_image_repeat=&#8221;repeat&#8221; rt_bg_size=&#8221;auto auto&#8221; rt_bg_position=&#8221;right top&#8221; rt_bg_attachment=&#8221;scroll&#8221; rt_col_paddings=&#8221;true&#8221; rt_wrp_col_paddings=&#8221;false&#8221;][\/vc_column][\/vc_row][vc_row rt_row_background_width=&#8221;fullwidth&#8221; rt_row_content_width=&#8221;default&#8221; rt_row_style=&#8221;default-style&#8221; rt_row_height=&#8221;&#8221; rt_column_placement=&#8221;middle&#8221; rt_column_view=&#8221;equal_heights&#8221; rt_column_gaps=&#8221;&#8221; rt_row_shadows=&#8221;&#8221; rt_row_borders=&#8221;&#8221; rt_bg_effect=&#8221;classic&#8221; rt_bg_image_repeat=&#8221;repeat&#8221; rt_bg_size=&#8221;cover&#8221; rt_bg_position=&#8221;right top&#8221; rt_bg_attachment=&#8221;scroll&#8221; [&hellip;]<\/p>\n","protected":false},"author":6,"featured_media":0,"parent":0,"menu_order":0,"comment_status":"closed","ping_status":"closed","template":"","meta":{"_stopmodifiedupdate":false,"_modified_date":"","_seopress_robots_primary_cat":"0","_seopress_titles_title":"","_seopress_titles_desc":"","_seopress_robots_index":"","_lmt_disableupdate":"","_lmt_disable":"","footnotes":""},"class_list":["post-8110","page","type-page","status-publish","hentry"],"_links":{"self":[{"href":"https:\/\/webandgo.sk\/hu\/wp-json\/wp\/v2\/pages\/8110","targetHints":{"allow":["GET"]}}],"collection":[{"href":"https:\/\/webandgo.sk\/hu\/wp-json\/wp\/v2\/pages"}],"about":[{"href":"https:\/\/webandgo.sk\/hu\/wp-json\/wp\/v2\/types\/page"}],"author":[{"embeddable":true,"href":"https:\/\/webandgo.sk\/hu\/wp-json\/wp\/v2\/users\/6"}],"replies":[{"embeddable":true,"href":"https:\/\/webandgo.sk\/hu\/wp-json\/wp\/v2\/comments?post=8110"}],"version-history":[{"count":0,"href":"https:\/\/webandgo.sk\/hu\/wp-json\/wp\/v2\/pages\/8110\/revisions"}],"wp:attachment":[{"href":"https:\/\/webandgo.sk\/hu\/wp-json\/wp\/v2\/media?parent=8110"}],"curies":[{"name":"wp","href":"https:\/\/api.w.org\/{rel}","templated":true}]}}